{"id":459,"date":"2024-07-12T02:18:45","date_gmt":"2024-07-12T02:18:45","guid":{"rendered":"https:\/\/www.skttool.com\/product\/comfortable-holding-1700w-60j-electric-power-tool-demolition-hammer-8506\/"},"modified":"2024-07-12T06:34:26","modified_gmt":"2024-07-12T06:34:26","slug":"comfortable-holding-1700w-60j-electric-power-tool-demolition-hammer-8506","status":"publish","type":"product","link":"https:\/\/www.skttool.com\/es\/producto\/comfortable-holding-1700w-60j-electric-power-tool-demolition-hammer-8506\/","title":{"rendered":"MARTILLO DEMOLITOR EL\u00c9CTRICO DE 1700 W Y 60 J CON SUJECI\u00d3N C\u00d3MODA \u2013 8506"},"content":{"rendered":"<table width=\"-21\">\n<tbody>\n<tr class=\"firstRow\">\n<th>Voltaje<\/th>\n<td>230-240 V<\/td>\n<th>Energ\u00eda de impacto<\/th>\n<td style=\"word-break: break-all;\">60 julios<\/td>\n<\/tr>\n<tr>\n<th>Potencia de entrada<\/th>\n<td>1700 W<\/td>\n<th>Certificado<\/th>\n<td>CCC.GS.CE.EMC<\/td>\n<\/tr>\n<tr>\n<th>Clasificaci\u00f3n de impacto<\/th>\n<td>2000 lpm<\/td>\n<th>Peso neto<\/th>\n<td style=\"word-break: break-all;\">15 kg<\/td>\n<\/tr>\n<\/tbody>\n<\/table>","protected":false},"excerpt":{"rendered":"<p>Voltaje 230-240 V Energ\u00eda de impacto 60 J Potencia de entrada 1700 W Certificado CCC.GS.CE.EMC Clasificaci\u00f3n de impacto 2000 bpm Peso neto 15 KG<\/p>","protected":false},"featured_media":266,"comment_status":"open","ping_status":"closed","template":"","meta":{"_acf_changed":false,"_mi_skip_tracking":false,"_monsterinsights_sitenote_active":false,"_monsterinsights_sitenote_note":"","_monsterinsights_sitenote_category":0},"product_cat":[42,30],"product_tag":[],"class_list":{"0":"post-459","1":"product","2":"type-product","3":"status-publish","4":"has-post-thumbnail","6":"product_cat-demolition-breaker","7":"product_cat-professional-line","9":"first","10":"instock","11":"shipping-taxable","12":"product-type-simple"},"acf":[],"yoast_head":"<!-- This site is optimized with the Yoast SEO Premium plugin v21.6 (Yoast SEO v22.3) - https:\/\/yoast.com\/wordpress\/plugins\/seo\/ -->\n<title>COMFORTABLE HOLDING 1700W 60J ELECTRIC POWER TOOL DEMOLITION HAMMER - 8506 - Jinhua Jujie Electric Machine CO., LTD<\/title>\n<meta name=\"robots\" content=\"index, follow, max-snippet:-1, max-image-preview:large, max-video-preview:-1\" \/>\n<link rel=\"canonical\" href=\"https:\/\/www.skttool.com\/es\/producto\/comfortable-holding-1700w-60j-electric-power-tool-demolition-hammer-8506\/\" \/>\n<meta property=\"og:locale\" content=\"es_ES\" \/>\n<meta property=\"og:type\" content=\"article\" \/>\n<meta property=\"og:title\" content=\"COMFORTABLE HOLDING 1700W 60J ELECTRIC POWER TOOL DEMOLITION HAMMER - 8506\" \/>\n<meta property=\"og:description\" content=\"Voltage 230-240V Impact Energy 60J Input Power 1700W Certificate CCC.GS.CE.EMC Impact rating 2000 bpm Net Weight 15KG\" \/>\n<meta property=\"og:url\" content=\"https:\/\/www.skttool.com\/es\/producto\/comfortable-holding-1700w-60j-electric-power-tool-demolition-hammer-8506\/\" \/>\n<meta property=\"og:site_name\" content=\"Jinhua Jujie Electric Machine CO., LTD\" \/>\n<meta property=\"article:modified_time\" content=\"2024-07-12T06:34:26+00:00\" \/>\n<meta property=\"og:image\" content=\"https:\/\/www.skttool.com\/wp-content\/uploads\/2024\/07\/1591604974456525.jpg\" \/>\n\t<meta property=\"og:image:width\" content=\"800\" \/>\n\t<meta property=\"og:image:height\" content=\"800\" \/>\n\t<meta property=\"og:image:type\" content=\"image\/jpeg\" \/>\n<meta name=\"twitter:card\" content=\"summary_large_image\" \/>\n<meta name=\"twitter:label1\" content=\"Tiempo de lectura\" \/>\n\t<meta name=\"twitter:data1\" content=\"1 minuto\" \/>\n<script type=\"application\/ld+json\" class=\"yoast-schema-graph\">{\"@context\":\"https:\/\/schema.org\",\"@graph\":[{\"@type\":\"WebPage\",\"@id\":\"https:\/\/www.skttool.com\/product\/comfortable-holding-1700w-60j-electric-power-tool-demolition-hammer-8506\/\",\"url\":\"https:\/\/www.skttool.com\/product\/comfortable-holding-1700w-60j-electric-power-tool-demolition-hammer-8506\/\",\"name\":\"COMFORTABLE HOLDING 1700W 60J ELECTRIC POWER TOOL DEMOLITION HAMMER - 8506 - Jinhua Jujie Electric Machine CO., LTD\",\"isPartOf\":{\"@id\":\"https:\/\/www.skttool.com\/#website\"},\"primaryImageOfPage\":{\"@id\":\"https:\/\/www.skttool.com\/product\/comfortable-holding-1700w-60j-electric-power-tool-demolition-hammer-8506\/#primaryimage\"},\"image\":{\"@id\":\"https:\/\/www.skttool.com\/product\/comfortable-holding-1700w-60j-electric-power-tool-demolition-hammer-8506\/#primaryimage\"},\"thumbnailUrl\":\"https:\/\/www.skttool.com\/wp-content\/uploads\/2024\/07\/1591604974456525.jpg\",\"datePublished\":\"2024-07-12T02:18:45+00:00\",\"dateModified\":\"2024-07-12T06:34:26+00:00\",\"breadcrumb\":{\"@id\":\"https:\/\/www.skttool.com\/product\/comfortable-holding-1700w-60j-electric-power-tool-demolition-hammer-8506\/#breadcrumb\"},\"inLanguage\":\"es\",\"potentialAction\":[{\"@type\":\"ReadAction\",\"target\":[\"https:\/\/www.skttool.com\/product\/comfortable-holding-1700w-60j-electric-power-tool-demolition-hammer-8506\/\"]}]},{\"@type\":\"ImageObject\",\"inLanguage\":\"es\",\"@id\":\"https:\/\/www.skttool.com\/product\/comfortable-holding-1700w-60j-electric-power-tool-demolition-hammer-8506\/#primaryimage\",\"url\":\"https:\/\/www.skttool.com\/wp-content\/uploads\/2024\/07\/1591604974456525.jpg\",\"contentUrl\":\"https:\/\/www.skttool.com\/wp-content\/uploads\/2024\/07\/1591604974456525.jpg\",\"width\":800,\"height\":800},{\"@type\":\"BreadcrumbList\",\"@id\":\"https:\/\/www.skttool.com\/product\/comfortable-holding-1700w-60j-electric-power-tool-demolition-hammer-8506\/#breadcrumb\",\"itemListElement\":[{\"@type\":\"ListItem\",\"position\":1,\"name\":\"Home\",\"item\":\"https:\/\/www.skttool.com\/\"},{\"@type\":\"ListItem\",\"position\":2,\"name\":\"Products\",\"item\":\"https:\/\/www.skttool.com\/shop\/\"},{\"@type\":\"ListItem\",\"position\":3,\"name\":\"COMFORTABLE HOLDING 1700W 60J ELECTRIC POWER TOOL DEMOLITION HAMMER &#8211; 8506\"}]},{\"@type\":\"WebSite\",\"@id\":\"https:\/\/www.skttool.com\/#website\",\"url\":\"https:\/\/www.skttool.com\/\",\"name\":\"Jinhua Jujie Electric Machine CO., LTD\",\"description\":\"\",\"publisher\":{\"@id\":\"https:\/\/www.skttool.com\/#organization\"},\"potentialAction\":[{\"@type\":\"SearchAction\",\"target\":{\"@type\":\"EntryPoint\",\"urlTemplate\":\"https:\/\/www.skttool.com\/?s={search_term_string}\"},\"query-input\":\"required name=search_term_string\"}],\"inLanguage\":\"es\"},{\"@type\":\"Organization\",\"@id\":\"https:\/\/www.skttool.com\/#organization\",\"name\":\"Jinhua Jujie Electric Machine CO., LTD\",\"url\":\"https:\/\/www.skttool.com\/\",\"logo\":{\"@type\":\"ImageObject\",\"inLanguage\":\"es\",\"@id\":\"https:\/\/www.skttool.com\/#\/schema\/logo\/image\/\",\"url\":\"https:\/\/www.skttool.com\/wp-content\/uploads\/2023\/10\/logo.png.webp\",\"contentUrl\":\"https:\/\/www.skttool.com\/wp-content\/uploads\/2023\/10\/logo.png.webp\",\"width\":123,\"height\":45,\"caption\":\"Jinhua Jujie Electric Machine CO., LTD\"},\"image\":{\"@id\":\"https:\/\/www.skttool.com\/#\/schema\/logo\/image\/\"}}]}<\/script>\n<!-- \/ Yoast SEO Premium plugin. -->","yoast_head_json":{"title":"COMFORTABLE HOLDING 1700W 60J ELECTRIC POWER TOOL DEMOLITION HAMMER - 8506 - Jinhua Jujie Electric Machine CO., LTD","robots":{"index":"index","follow":"follow","max-snippet":"max-snippet:-1","max-image-preview":"max-image-preview:large","max-video-preview":"max-video-preview:-1"},"canonical":"https:\/\/www.skttool.com\/es\/producto\/comfortable-holding-1700w-60j-electric-power-tool-demolition-hammer-8506\/","og_locale":"es_ES","og_type":"article","og_title":"COMFORTABLE HOLDING 1700W 60J ELECTRIC POWER TOOL DEMOLITION HAMMER - 8506","og_description":"Voltage 230-240V Impact Energy 60J Input Power 1700W Certificate CCC.GS.CE.EMC Impact rating 2000 bpm Net Weight 15KG","og_url":"https:\/\/www.skttool.com\/es\/producto\/comfortable-holding-1700w-60j-electric-power-tool-demolition-hammer-8506\/","og_site_name":"Jinhua Jujie Electric Machine CO., LTD","article_modified_time":"2024-07-12T06:34:26+00:00","og_image":[{"width":800,"height":800,"url":"https:\/\/www.skttool.com\/wp-content\/uploads\/2024\/07\/1591604974456525.jpg","type":"image\/jpeg"}],"twitter_card":"summary_large_image","twitter_misc":{"Tiempo de lectura":"1 minuto"},"schema":{"@context":"https:\/\/schema.org","@graph":[{"@type":"WebPage","@id":"https:\/\/www.skttool.com\/product\/comfortable-holding-1700w-60j-electric-power-tool-demolition-hammer-8506\/","url":"https:\/\/www.skttool.com\/product\/comfortable-holding-1700w-60j-electric-power-tool-demolition-hammer-8506\/","name":"COMFORTABLE HOLDING 1700W 60J ELECTRIC POWER TOOL DEMOLITION HAMMER - 8506 - Jinhua Jujie Electric Machine CO., LTD","isPartOf":{"@id":"https:\/\/www.skttool.com\/#website"},"primaryImageOfPage":{"@id":"https:\/\/www.skttool.com\/product\/comfortable-holding-1700w-60j-electric-power-tool-demolition-hammer-8506\/#primaryimage"},"image":{"@id":"https:\/\/www.skttool.com\/product\/comfortable-holding-1700w-60j-electric-power-tool-demolition-hammer-8506\/#primaryimage"},"thumbnailUrl":"https:\/\/www.skttool.com\/wp-content\/uploads\/2024\/07\/1591604974456525.jpg","datePublished":"2024-07-12T02:18:45+00:00","dateModified":"2024-07-12T06:34:26+00:00","breadcrumb":{"@id":"https:\/\/www.skttool.com\/product\/comfortable-holding-1700w-60j-electric-power-tool-demolition-hammer-8506\/#breadcrumb"},"inLanguage":"es","potentialAction":[{"@type":"ReadAction","target":["https:\/\/www.skttool.com\/product\/comfortable-holding-1700w-60j-electric-power-tool-demolition-hammer-8506\/"]}]},{"@type":"ImageObject","inLanguage":"es","@id":"https:\/\/www.skttool.com\/product\/comfortable-holding-1700w-60j-electric-power-tool-demolition-hammer-8506\/#primaryimage","url":"https:\/\/www.skttool.com\/wp-content\/uploads\/2024\/07\/1591604974456525.jpg","contentUrl":"https:\/\/www.skttool.com\/wp-content\/uploads\/2024\/07\/1591604974456525.jpg","width":800,"height":800},{"@type":"BreadcrumbList","@id":"https:\/\/www.skttool.com\/product\/comfortable-holding-1700w-60j-electric-power-tool-demolition-hammer-8506\/#breadcrumb","itemListElement":[{"@type":"ListItem","position":1,"name":"Home","item":"https:\/\/www.skttool.com\/"},{"@type":"ListItem","position":2,"name":"Products","item":"https:\/\/www.skttool.com\/shop\/"},{"@type":"ListItem","position":3,"name":"COMFORTABLE HOLDING 1700W 60J ELECTRIC POWER TOOL DEMOLITION HAMMER &#8211; 8506"}]},{"@type":"WebSite","@id":"https:\/\/www.skttool.com\/#website","url":"https:\/\/www.skttool.com\/","name":"Jinhua Jujie Electric Machine CO., LTD","description":"","publisher":{"@id":"https:\/\/www.skttool.com\/#organization"},"potentialAction":[{"@type":"SearchAction","target":{"@type":"EntryPoint","urlTemplate":"https:\/\/www.skttool.com\/?s={search_term_string}"},"query-input":"required name=search_term_string"}],"inLanguage":"es"},{"@type":"Organization","@id":"https:\/\/www.skttool.com\/#organization","name":"Jinhua Jujie Electric Machine CO., LTD","url":"https:\/\/www.skttool.com\/","logo":{"@type":"ImageObject","inLanguage":"es","@id":"https:\/\/www.skttool.com\/#\/schema\/logo\/image\/","url":"https:\/\/www.skttool.com\/wp-content\/uploads\/2023\/10\/logo.png.webp","contentUrl":"https:\/\/www.skttool.com\/wp-content\/uploads\/2023\/10\/logo.png.webp","width":123,"height":45,"caption":"Jinhua Jujie Electric Machine CO., LTD"},"image":{"@id":"https:\/\/www.skttool.com\/#\/schema\/logo\/image\/"}}]}},"_links":{"self":[{"href":"https:\/\/www.skttool.com\/es\/wp-json\/wp\/v2\/product\/459"}],"collection":[{"href":"https:\/\/www.skttool.com\/es\/wp-json\/wp\/v2\/product"}],"about":[{"href":"https:\/\/www.skttool.com\/es\/wp-json\/wp\/v2\/types\/product"}],"replies":[{"embeddable":true,"href":"https:\/\/www.skttool.com\/es\/wp-json\/wp\/v2\/comments?post=459"}],"wp:featuredmedia":[{"embeddable":true,"href":"https:\/\/www.skttool.com\/es\/wp-json\/wp\/v2\/media\/266"}],"wp:attachment":[{"href":"https:\/\/www.skttool.com\/es\/wp-json\/wp\/v2\/media?parent=459"}],"wp:term":[{"taxonomy":"product_cat","embeddable":true,"href":"https:\/\/www.skttool.com\/es\/wp-json\/wp\/v2\/product_cat?post=459"},{"taxonomy":"product_tag","embeddable":true,"href":"https:\/\/www.skttool.com\/es\/wp-json\/wp\/v2\/product_tag?post=459"}],"curies":[{"name":"wp","href":"https:\/\/api.w.org\/{rel}","templated":true}]}}