{"id":443,"date":"2024-07-12T02:18:36","date_gmt":"2024-07-12T02:18:36","guid":{"rendered":"https:\/\/www.skttool.com\/product\/550w-13mm-power-tools-smallest-ac-rotary-hammer-1301\/"},"modified":"2024-07-12T06:36:22","modified_gmt":"2024-07-12T06:36:22","slug":"550w-13mm-power-tools-smallest-ac-rotary-hammer-1301","status":"publish","type":"product","link":"https:\/\/www.skttool.com\/es\/producto\/550w-13mm-power-tools-smallest-ac-rotary-hammer-1301\/","title":{"rendered":"HERRAMIENTAS EL\u00c9CTRICAS DE 550 W Y 13 MM, EL MARTILLO ROTATIVO DE CA M\u00c1S PEQUE\u00d1O: 1301"},"content":{"rendered":"<table width=\"737\">\n<tbody>\n<tr class=\"firstRow\">\n<th>Voltaje\/Frecuencia<\/th>\n<td width=\"209\">220-240 V<\/td>\n<th>Funci\u00f3n<\/th>\n<td width=\"188\">taladro, taladro con martillo<\/td>\n<\/tr>\n<tr>\n<th>Aporte<\/th>\n<td width=\"209\">550 W<\/td>\n<th>Observaci\u00f3n<\/th>\n<td width=\"188\">Capacidad de trabajo:<\/p>\n<p>Para hormig\u00f3n: m\u00e1x. 12 mm<\/p>\n<p>Para metal: m\u00e1x. 13 mm<\/p>\n<p>Para madera: m\u00e1x. 20 mm<\/td>\n<\/tr>\n<tr>\n<th>Velocidad sin carga<\/th>\n<td width=\"209\">0-2800 rpm<\/td>\n<th>Certificado<\/th>\n<td width=\"188\">Certificado CE\/GS\/EMC<\/td>\n<\/tr>\n<tr>\n<th>Clasificaci\u00f3n de impacto<\/th>\n<td width=\"209\">0-6680 lpm<\/td>\n<th>Paquete de unidad<\/th>\n<td width=\"188\">BMC<\/td>\n<\/tr>\n<tr>\n<th>Energ\u00eda de impacto<\/th>\n<td width=\"209\">1,2 J<\/td>\n<th>Cable y enchufe<\/th>\n<td width=\"188\">Cable VDE de goma H07RN-F de 2 m, 2 x 1,0 mm\u00b2, enchufe VDE<\/td>\n<\/tr>\n<tr>\n<th>Accesorio<\/th>\n<td style=\"word-break: break-all;\" width=\"209\">1 mango auxiliar, 3 brocas: 8\/10\/12 x 150 mm,<\/p>\n<p>1 funda antipolvo, 1 calibre de profundidad<\/td>\n<th>Peso neto<\/th>\n<td width=\"188\">2 kilos<\/td>\n<\/tr>\n<\/tbody>\n<\/table>","protected":false},"excerpt":{"rendered":"<p>Voltage\/Frequency 220-240V Function drill, drill with hammer Input 550W Remark Working Capacity: for concrete: max. 12mm for metal: max. 13mm for wood: max. 20mm No load speed 0-2800 rpm Certificate GS\/CE\/EMC Impact rating 0-6680 bpm Unit Pack BMC Impact Energy 1.2 J Cable and Plug 2m rubber H07RN-F 2&#215;1.0mm\u00b2 VDE Cord , VDE Plug Accessory [&hellip;]<\/p>","protected":false},"featured_media":362,"comment_status":"open","ping_status":"closed","template":"","meta":{"_acf_changed":false,"_mi_skip_tracking":false,"_monsterinsights_sitenote_active":false,"_monsterinsights_sitenote_note":"","_monsterinsights_sitenote_category":0},"product_cat":[40,30],"product_tag":[],"class_list":{"0":"post-443","1":"product","2":"type-product","3":"status-publish","4":"has-post-thumbnail","6":"product_cat-horizontal-rotary-hammer","7":"product_cat-professional-line","9":"first","10":"instock","11":"shipping-taxable","12":"product-type-simple"},"acf":[],"yoast_head":"<!-- This site is optimized with the Yoast SEO Premium plugin v21.6 (Yoast SEO v22.3) - https:\/\/yoast.com\/wordpress\/plugins\/seo\/ -->\n<title>550W 13MM POWER TOOLS SMALLEST AC ROTARY HAMMER - 1301 - Jinhua Jujie Electric Machine CO., LTD<\/title>\n<meta name=\"robots\" content=\"index, follow, max-snippet:-1, max-image-preview:large, max-video-preview:-1\" \/>\n<link rel=\"canonical\" href=\"https:\/\/www.skttool.com\/es\/producto\/550w-13mm-power-tools-smallest-ac-rotary-hammer-1301\/\" \/>\n<meta property=\"og:locale\" content=\"es_ES\" \/>\n<meta property=\"og:type\" content=\"article\" \/>\n<meta property=\"og:title\" content=\"550W 13MM POWER TOOLS SMALLEST AC ROTARY HAMMER - 1301\" \/>\n<meta property=\"og:description\" content=\"Voltage\/Frequency 220-240V Function drill, drill with hammer Input 550W Remark Working Capacity: for concrete: max. 12mm for metal: max. 13mm for wood: max. 20mm No load speed 0-2800 rpm Certificate GS\/CE\/EMC Impact rating 0-6680 bpm Unit Pack BMC Impact Energy 1.2 J Cable and Plug 2m rubber H07RN-F 2&#215;1.0mm\u00b2 VDE Cord , VDE Plug Accessory [&hellip;]\" \/>\n<meta property=\"og:url\" content=\"https:\/\/www.skttool.com\/es\/producto\/550w-13mm-power-tools-smallest-ac-rotary-hammer-1301\/\" \/>\n<meta property=\"og:site_name\" content=\"Jinhua Jujie Electric Machine CO., LTD\" \/>\n<meta property=\"article:modified_time\" content=\"2024-07-12T06:36:22+00:00\" \/>\n<meta property=\"og:image\" content=\"https:\/\/www.skttool.com\/wp-content\/uploads\/2024\/07\/1609233336306198.jpg\" \/>\n\t<meta property=\"og:image:width\" content=\"800\" \/>\n\t<meta property=\"og:image:height\" content=\"800\" \/>\n\t<meta property=\"og:image:type\" content=\"image\/jpeg\" \/>\n<meta name=\"twitter:card\" content=\"summary_large_image\" \/>\n<meta name=\"twitter:label1\" content=\"Tiempo de lectura\" \/>\n\t<meta name=\"twitter:data1\" content=\"1 minuto\" \/>\n<script type=\"application\/ld+json\" class=\"yoast-schema-graph\">{\"@context\":\"https:\/\/schema.org\",\"@graph\":[{\"@type\":\"WebPage\",\"@id\":\"https:\/\/www.skttool.com\/product\/550w-13mm-power-tools-smallest-ac-rotary-hammer-1301\/\",\"url\":\"https:\/\/www.skttool.com\/product\/550w-13mm-power-tools-smallest-ac-rotary-hammer-1301\/\",\"name\":\"550W 13MM POWER TOOLS SMALLEST AC ROTARY HAMMER - 1301 - Jinhua Jujie Electric Machine CO., LTD\",\"isPartOf\":{\"@id\":\"https:\/\/www.skttool.com\/#website\"},\"primaryImageOfPage\":{\"@id\":\"https:\/\/www.skttool.com\/product\/550w-13mm-power-tools-smallest-ac-rotary-hammer-1301\/#primaryimage\"},\"image\":{\"@id\":\"https:\/\/www.skttool.com\/product\/550w-13mm-power-tools-smallest-ac-rotary-hammer-1301\/#primaryimage\"},\"thumbnailUrl\":\"https:\/\/www.skttool.com\/wp-content\/uploads\/2024\/07\/1609233336306198.jpg\",\"datePublished\":\"2024-07-12T02:18:36+00:00\",\"dateModified\":\"2024-07-12T06:36:22+00:00\",\"breadcrumb\":{\"@id\":\"https:\/\/www.skttool.com\/product\/550w-13mm-power-tools-smallest-ac-rotary-hammer-1301\/#breadcrumb\"},\"inLanguage\":\"es\",\"potentialAction\":[{\"@type\":\"ReadAction\",\"target\":[\"https:\/\/www.skttool.com\/product\/550w-13mm-power-tools-smallest-ac-rotary-hammer-1301\/\"]}]},{\"@type\":\"ImageObject\",\"inLanguage\":\"es\",\"@id\":\"https:\/\/www.skttool.com\/product\/550w-13mm-power-tools-smallest-ac-rotary-hammer-1301\/#primaryimage\",\"url\":\"https:\/\/www.skttool.com\/wp-content\/uploads\/2024\/07\/1609233336306198.jpg\",\"contentUrl\":\"https:\/\/www.skttool.com\/wp-content\/uploads\/2024\/07\/1609233336306198.jpg\",\"width\":800,\"height\":800},{\"@type\":\"BreadcrumbList\",\"@id\":\"https:\/\/www.skttool.com\/product\/550w-13mm-power-tools-smallest-ac-rotary-hammer-1301\/#breadcrumb\",\"itemListElement\":[{\"@type\":\"ListItem\",\"position\":1,\"name\":\"Home\",\"item\":\"https:\/\/www.skttool.com\/\"},{\"@type\":\"ListItem\",\"position\":2,\"name\":\"Products\",\"item\":\"https:\/\/www.skttool.com\/shop\/\"},{\"@type\":\"ListItem\",\"position\":3,\"name\":\"550W 13MM POWER TOOLS SMALLEST AC ROTARY HAMMER &#8211; 1301\"}]},{\"@type\":\"WebSite\",\"@id\":\"https:\/\/www.skttool.com\/#website\",\"url\":\"https:\/\/www.skttool.com\/\",\"name\":\"Jinhua Jujie Electric Machine CO., LTD\",\"description\":\"\",\"publisher\":{\"@id\":\"https:\/\/www.skttool.com\/#organization\"},\"potentialAction\":[{\"@type\":\"SearchAction\",\"target\":{\"@type\":\"EntryPoint\",\"urlTemplate\":\"https:\/\/www.skttool.com\/?s={search_term_string}\"},\"query-input\":\"required name=search_term_string\"}],\"inLanguage\":\"es\"},{\"@type\":\"Organization\",\"@id\":\"https:\/\/www.skttool.com\/#organization\",\"name\":\"Jinhua Jujie Electric Machine CO., LTD\",\"url\":\"https:\/\/www.skttool.com\/\",\"logo\":{\"@type\":\"ImageObject\",\"inLanguage\":\"es\",\"@id\":\"https:\/\/www.skttool.com\/#\/schema\/logo\/image\/\",\"url\":\"https:\/\/www.skttool.com\/wp-content\/uploads\/2023\/10\/logo.png.webp\",\"contentUrl\":\"https:\/\/www.skttool.com\/wp-content\/uploads\/2023\/10\/logo.png.webp\",\"width\":123,\"height\":45,\"caption\":\"Jinhua Jujie Electric Machine CO., LTD\"},\"image\":{\"@id\":\"https:\/\/www.skttool.com\/#\/schema\/logo\/image\/\"}}]}<\/script>\n<!-- \/ Yoast SEO Premium plugin. -->","yoast_head_json":{"title":"550W 13MM POWER TOOLS SMALLEST AC ROTARY HAMMER - 1301 - Jinhua Jujie Electric Machine CO., LTD","robots":{"index":"index","follow":"follow","max-snippet":"max-snippet:-1","max-image-preview":"max-image-preview:large","max-video-preview":"max-video-preview:-1"},"canonical":"https:\/\/www.skttool.com\/es\/producto\/550w-13mm-power-tools-smallest-ac-rotary-hammer-1301\/","og_locale":"es_ES","og_type":"article","og_title":"550W 13MM POWER TOOLS SMALLEST AC ROTARY HAMMER - 1301","og_description":"Voltage\/Frequency 220-240V Function drill, drill with hammer Input 550W Remark Working Capacity: for concrete: max. 12mm for metal: max. 13mm for wood: max. 20mm No load speed 0-2800 rpm Certificate GS\/CE\/EMC Impact rating 0-6680 bpm Unit Pack BMC Impact Energy 1.2 J Cable and Plug 2m rubber H07RN-F 2&#215;1.0mm\u00b2 VDE Cord , VDE Plug Accessory [&hellip;]","og_url":"https:\/\/www.skttool.com\/es\/producto\/550w-13mm-power-tools-smallest-ac-rotary-hammer-1301\/","og_site_name":"Jinhua Jujie Electric Machine CO., LTD","article_modified_time":"2024-07-12T06:36:22+00:00","og_image":[{"width":800,"height":800,"url":"https:\/\/www.skttool.com\/wp-content\/uploads\/2024\/07\/1609233336306198.jpg","type":"image\/jpeg"}],"twitter_card":"summary_large_image","twitter_misc":{"Tiempo de lectura":"1 minuto"},"schema":{"@context":"https:\/\/schema.org","@graph":[{"@type":"WebPage","@id":"https:\/\/www.skttool.com\/product\/550w-13mm-power-tools-smallest-ac-rotary-hammer-1301\/","url":"https:\/\/www.skttool.com\/product\/550w-13mm-power-tools-smallest-ac-rotary-hammer-1301\/","name":"550W 13MM POWER TOOLS SMALLEST AC ROTARY HAMMER - 1301 - Jinhua Jujie Electric Machine CO., LTD","isPartOf":{"@id":"https:\/\/www.skttool.com\/#website"},"primaryImageOfPage":{"@id":"https:\/\/www.skttool.com\/product\/550w-13mm-power-tools-smallest-ac-rotary-hammer-1301\/#primaryimage"},"image":{"@id":"https:\/\/www.skttool.com\/product\/550w-13mm-power-tools-smallest-ac-rotary-hammer-1301\/#primaryimage"},"thumbnailUrl":"https:\/\/www.skttool.com\/wp-content\/uploads\/2024\/07\/1609233336306198.jpg","datePublished":"2024-07-12T02:18:36+00:00","dateModified":"2024-07-12T06:36:22+00:00","breadcrumb":{"@id":"https:\/\/www.skttool.com\/product\/550w-13mm-power-tools-smallest-ac-rotary-hammer-1301\/#breadcrumb"},"inLanguage":"es","potentialAction":[{"@type":"ReadAction","target":["https:\/\/www.skttool.com\/product\/550w-13mm-power-tools-smallest-ac-rotary-hammer-1301\/"]}]},{"@type":"ImageObject","inLanguage":"es","@id":"https:\/\/www.skttool.com\/product\/550w-13mm-power-tools-smallest-ac-rotary-hammer-1301\/#primaryimage","url":"https:\/\/www.skttool.com\/wp-content\/uploads\/2024\/07\/1609233336306198.jpg","contentUrl":"https:\/\/www.skttool.com\/wp-content\/uploads\/2024\/07\/1609233336306198.jpg","width":800,"height":800},{"@type":"BreadcrumbList","@id":"https:\/\/www.skttool.com\/product\/550w-13mm-power-tools-smallest-ac-rotary-hammer-1301\/#breadcrumb","itemListElement":[{"@type":"ListItem","position":1,"name":"Home","item":"https:\/\/www.skttool.com\/"},{"@type":"ListItem","position":2,"name":"Products","item":"https:\/\/www.skttool.com\/shop\/"},{"@type":"ListItem","position":3,"name":"550W 13MM POWER TOOLS SMALLEST AC ROTARY HAMMER &#8211; 1301"}]},{"@type":"WebSite","@id":"https:\/\/www.skttool.com\/#website","url":"https:\/\/www.skttool.com\/","name":"Jinhua Jujie Electric Machine CO., LTD","description":"","publisher":{"@id":"https:\/\/www.skttool.com\/#organization"},"potentialAction":[{"@type":"SearchAction","target":{"@type":"EntryPoint","urlTemplate":"https:\/\/www.skttool.com\/?s={search_term_string}"},"query-input":"required name=search_term_string"}],"inLanguage":"es"},{"@type":"Organization","@id":"https:\/\/www.skttool.com\/#organization","name":"Jinhua Jujie Electric Machine CO., LTD","url":"https:\/\/www.skttool.com\/","logo":{"@type":"ImageObject","inLanguage":"es","@id":"https:\/\/www.skttool.com\/#\/schema\/logo\/image\/","url":"https:\/\/www.skttool.com\/wp-content\/uploads\/2023\/10\/logo.png.webp","contentUrl":"https:\/\/www.skttool.com\/wp-content\/uploads\/2023\/10\/logo.png.webp","width":123,"height":45,"caption":"Jinhua Jujie Electric Machine CO., LTD"},"image":{"@id":"https:\/\/www.skttool.com\/#\/schema\/logo\/image\/"}}]}},"_links":{"self":[{"href":"https:\/\/www.skttool.com\/es\/wp-json\/wp\/v2\/product\/443"}],"collection":[{"href":"https:\/\/www.skttool.com\/es\/wp-json\/wp\/v2\/product"}],"about":[{"href":"https:\/\/www.skttool.com\/es\/wp-json\/wp\/v2\/types\/product"}],"replies":[{"embeddable":true,"href":"https:\/\/www.skttool.com\/es\/wp-json\/wp\/v2\/comments?post=443"}],"wp:featuredmedia":[{"embeddable":true,"href":"https:\/\/www.skttool.com\/es\/wp-json\/wp\/v2\/media\/362"}],"wp:attachment":[{"href":"https:\/\/www.skttool.com\/es\/wp-json\/wp\/v2\/media?parent=443"}],"wp:term":[{"taxonomy":"product_cat","embeddable":true,"href":"https:\/\/www.skttool.com\/es\/wp-json\/wp\/v2\/product_cat?post=443"},{"taxonomy":"product_tag","embeddable":true,"href":"https:\/\/www.skttool.com\/es\/wp-json\/wp\/v2\/product_tag?post=443"}],"curies":[{"name":"wp","href":"https:\/\/api.w.org\/{rel}","templated":true}]}}