{"id":424,"date":"2024-07-12T02:18:25","date_gmt":"2024-07-12T02:18:25","guid":{"rendered":"https:\/\/www.skttool.com\/product\/18v-li-ion-power-tools-28mm-brushless-rotary-hammer-ld2888\/"},"modified":"2024-07-12T06:38:24","modified_gmt":"2024-07-12T06:38:24","slug":"18v-li-ion-power-tools-28mm-brushless-rotary-hammer-ld2888","status":"publish","type":"product","link":"https:\/\/www.skttool.com\/es\/producto\/18v-li-ion-power-tools-28mm-brushless-rotary-hammer-ld2888\/","title":{"rendered":"HERRAMIENTAS EL\u00c9CTRICAS DE IONES DE LITIO DE 18 V, MARTILLO ROTATIVO SIN ESCOBILLAS DE 28 MM \u2013 LD2888"},"content":{"rendered":"<table width=\"737\">\n<tbody>\n<tr class=\"firstRow\">\n<th>Voltaje\/Frecuencia<\/th>\n<td width=\"261\">36 V<\/td>\n<th>Funci\u00f3n<\/th>\n<td width=\"194\">4 (taladro, taladro con percutor, cincel, vario-lock)<\/td>\n<\/tr>\n<tr>\n<th>Velocidad sin carga<\/th>\n<td width=\"261\">0-800 rpm<\/td>\n<th>Observaci\u00f3n<\/th>\n<td width=\"194\">Capacidad de trabajo: para hormig\u00f3n: m\u00e1x. 28 mm para metal: m\u00e1x. 13 mm para madera: m\u00e1x. 40 mm<\/td>\n<\/tr>\n<tr>\n<th>Clasificaci\u00f3n de impacto<\/th>\n<td>0-4300 lpm<\/td>\n<th>Paquete de unidad<\/th>\n<td>Funda BMC+Color<\/td>\n<\/tr>\n<tr>\n<th>Energ\u00eda de impacto<\/th>\n<td>4J<\/td>\n<th>Peso neto<\/th>\n<td>4 kilos<\/td>\n<\/tr>\n<\/tbody>\n<\/table>","protected":false},"excerpt":{"rendered":"<p>Voltaje\/Frecuencia 36 V Funci\u00f3n 4 (taladro, taladro con martillo, cincel, vario-lock) Velocidad sin carga 0-800 rpm Observaci\u00f3n Capacidad de trabajo: para hormig\u00f3n: m\u00e1x. 28 mm para metal: m\u00e1x. 13 mm para madera: m\u00e1x. 40 mm Clasificaci\u00f3n de impacto 0-4300 bpm Unidad de embalaje BMC+Funda de color Energ\u00eda de impacto 4J Peso neto 4 KG<\/p>","protected":false},"featured_media":288,"comment_status":"open","ping_status":"closed","template":"","meta":{"_acf_changed":false,"_mi_skip_tracking":false,"_monsterinsights_sitenote_active":false,"_monsterinsights_sitenote_note":"","_monsterinsights_sitenote_category":0},"product_cat":[37],"product_tag":[],"class_list":{"0":"post-424","1":"product","2":"type-product","3":"status-publish","4":"has-post-thumbnail","6":"product_cat-dc-rotary-hammer","8":"first","9":"instock","10":"shipping-taxable","11":"product-type-simple"},"acf":[],"yoast_head":"<!-- This site is optimized with the Yoast SEO Premium plugin v21.6 (Yoast SEO v22.3) - https:\/\/yoast.com\/wordpress\/plugins\/seo\/ -->\n<title>18V LI-ION POWER TOOLS 28MM BRUSHLESS ROTARY HAMMER - LD2888 - Jinhua Jujie Electric Machine CO., LTD<\/title>\n<meta name=\"robots\" content=\"index, follow, max-snippet:-1, max-image-preview:large, max-video-preview:-1\" \/>\n<link rel=\"canonical\" href=\"https:\/\/www.skttool.com\/es\/producto\/18v-li-ion-power-tools-28mm-brushless-rotary-hammer-ld2888\/\" \/>\n<meta property=\"og:locale\" content=\"es_ES\" \/>\n<meta property=\"og:type\" content=\"article\" \/>\n<meta property=\"og:title\" content=\"18V LI-ION POWER TOOLS 28MM BRUSHLESS ROTARY HAMMER - LD2888\" \/>\n<meta property=\"og:description\" content=\"Voltage\/Frequency 36V Function 4 (drill, drill with hammer, Chisel, vario-lock) No load speed 0-800 rpm Remark Working Capacity: for concrete: max.28mm for metal: max. 13mm for wood: max. 40mm Impact rating 0-4300 bpm Unit Pack BMC+Color sleeve Impact Energy 4J Net Weight 4KG\" \/>\n<meta property=\"og:url\" content=\"https:\/\/www.skttool.com\/es\/producto\/18v-li-ion-power-tools-28mm-brushless-rotary-hammer-ld2888\/\" \/>\n<meta property=\"og:site_name\" content=\"Jinhua Jujie Electric Machine CO., LTD\" \/>\n<meta property=\"article:modified_time\" content=\"2024-07-12T06:38:24+00:00\" \/>\n<meta property=\"og:image\" content=\"https:\/\/www.skttool.com\/wp-content\/uploads\/2024\/07\/1591668276564315.jpg\" \/>\n\t<meta property=\"og:image:width\" content=\"800\" \/>\n\t<meta property=\"og:image:height\" content=\"800\" \/>\n\t<meta property=\"og:image:type\" content=\"image\/jpeg\" \/>\n<meta name=\"twitter:card\" content=\"summary_large_image\" \/>\n<meta name=\"twitter:label1\" content=\"Tiempo de lectura\" \/>\n\t<meta name=\"twitter:data1\" content=\"1 minuto\" \/>\n<script type=\"application\/ld+json\" class=\"yoast-schema-graph\">{\"@context\":\"https:\/\/schema.org\",\"@graph\":[{\"@type\":\"WebPage\",\"@id\":\"https:\/\/www.skttool.com\/product\/18v-li-ion-power-tools-28mm-brushless-rotary-hammer-ld2888\/\",\"url\":\"https:\/\/www.skttool.com\/product\/18v-li-ion-power-tools-28mm-brushless-rotary-hammer-ld2888\/\",\"name\":\"18V LI-ION POWER TOOLS 28MM BRUSHLESS ROTARY HAMMER - LD2888 - Jinhua Jujie Electric Machine CO., LTD\",\"isPartOf\":{\"@id\":\"https:\/\/www.skttool.com\/#website\"},\"primaryImageOfPage\":{\"@id\":\"https:\/\/www.skttool.com\/product\/18v-li-ion-power-tools-28mm-brushless-rotary-hammer-ld2888\/#primaryimage\"},\"image\":{\"@id\":\"https:\/\/www.skttool.com\/product\/18v-li-ion-power-tools-28mm-brushless-rotary-hammer-ld2888\/#primaryimage\"},\"thumbnailUrl\":\"https:\/\/www.skttool.com\/wp-content\/uploads\/2024\/07\/1591668276564315.jpg\",\"datePublished\":\"2024-07-12T02:18:25+00:00\",\"dateModified\":\"2024-07-12T06:38:24+00:00\",\"breadcrumb\":{\"@id\":\"https:\/\/www.skttool.com\/product\/18v-li-ion-power-tools-28mm-brushless-rotary-hammer-ld2888\/#breadcrumb\"},\"inLanguage\":\"es\",\"potentialAction\":[{\"@type\":\"ReadAction\",\"target\":[\"https:\/\/www.skttool.com\/product\/18v-li-ion-power-tools-28mm-brushless-rotary-hammer-ld2888\/\"]}]},{\"@type\":\"ImageObject\",\"inLanguage\":\"es\",\"@id\":\"https:\/\/www.skttool.com\/product\/18v-li-ion-power-tools-28mm-brushless-rotary-hammer-ld2888\/#primaryimage\",\"url\":\"https:\/\/www.skttool.com\/wp-content\/uploads\/2024\/07\/1591668276564315.jpg\",\"contentUrl\":\"https:\/\/www.skttool.com\/wp-content\/uploads\/2024\/07\/1591668276564315.jpg\",\"width\":800,\"height\":800},{\"@type\":\"BreadcrumbList\",\"@id\":\"https:\/\/www.skttool.com\/product\/18v-li-ion-power-tools-28mm-brushless-rotary-hammer-ld2888\/#breadcrumb\",\"itemListElement\":[{\"@type\":\"ListItem\",\"position\":1,\"name\":\"Home\",\"item\":\"https:\/\/www.skttool.com\/\"},{\"@type\":\"ListItem\",\"position\":2,\"name\":\"Products\",\"item\":\"https:\/\/www.skttool.com\/shop\/\"},{\"@type\":\"ListItem\",\"position\":3,\"name\":\"18V LI-ION POWER TOOLS 28MM BRUSHLESS ROTARY HAMMER &#8211; LD2888\"}]},{\"@type\":\"WebSite\",\"@id\":\"https:\/\/www.skttool.com\/#website\",\"url\":\"https:\/\/www.skttool.com\/\",\"name\":\"Jinhua Jujie Electric Machine CO., LTD\",\"description\":\"\",\"publisher\":{\"@id\":\"https:\/\/www.skttool.com\/#organization\"},\"potentialAction\":[{\"@type\":\"SearchAction\",\"target\":{\"@type\":\"EntryPoint\",\"urlTemplate\":\"https:\/\/www.skttool.com\/?s={search_term_string}\"},\"query-input\":\"required name=search_term_string\"}],\"inLanguage\":\"es\"},{\"@type\":\"Organization\",\"@id\":\"https:\/\/www.skttool.com\/#organization\",\"name\":\"Jinhua Jujie Electric Machine CO., LTD\",\"url\":\"https:\/\/www.skttool.com\/\",\"logo\":{\"@type\":\"ImageObject\",\"inLanguage\":\"es\",\"@id\":\"https:\/\/www.skttool.com\/#\/schema\/logo\/image\/\",\"url\":\"https:\/\/www.skttool.com\/wp-content\/uploads\/2023\/10\/logo.png.webp\",\"contentUrl\":\"https:\/\/www.skttool.com\/wp-content\/uploads\/2023\/10\/logo.png.webp\",\"width\":123,\"height\":45,\"caption\":\"Jinhua Jujie Electric Machine CO., LTD\"},\"image\":{\"@id\":\"https:\/\/www.skttool.com\/#\/schema\/logo\/image\/\"}}]}<\/script>\n<!-- \/ Yoast SEO Premium plugin. -->","yoast_head_json":{"title":"18V LI-ION POWER TOOLS 28MM BRUSHLESS ROTARY HAMMER - LD2888 - Jinhua Jujie Electric Machine CO., LTD","robots":{"index":"index","follow":"follow","max-snippet":"max-snippet:-1","max-image-preview":"max-image-preview:large","max-video-preview":"max-video-preview:-1"},"canonical":"https:\/\/www.skttool.com\/es\/producto\/18v-li-ion-power-tools-28mm-brushless-rotary-hammer-ld2888\/","og_locale":"es_ES","og_type":"article","og_title":"18V LI-ION POWER TOOLS 28MM BRUSHLESS ROTARY HAMMER - LD2888","og_description":"Voltage\/Frequency 36V Function 4 (drill, drill with hammer, Chisel, vario-lock) No load speed 0-800 rpm Remark Working Capacity: for concrete: max.28mm for metal: max. 13mm for wood: max. 40mm Impact rating 0-4300 bpm Unit Pack BMC+Color sleeve Impact Energy 4J Net Weight 4KG","og_url":"https:\/\/www.skttool.com\/es\/producto\/18v-li-ion-power-tools-28mm-brushless-rotary-hammer-ld2888\/","og_site_name":"Jinhua Jujie Electric Machine CO., LTD","article_modified_time":"2024-07-12T06:38:24+00:00","og_image":[{"width":800,"height":800,"url":"https:\/\/www.skttool.com\/wp-content\/uploads\/2024\/07\/1591668276564315.jpg","type":"image\/jpeg"}],"twitter_card":"summary_large_image","twitter_misc":{"Tiempo de lectura":"1 minuto"},"schema":{"@context":"https:\/\/schema.org","@graph":[{"@type":"WebPage","@id":"https:\/\/www.skttool.com\/product\/18v-li-ion-power-tools-28mm-brushless-rotary-hammer-ld2888\/","url":"https:\/\/www.skttool.com\/product\/18v-li-ion-power-tools-28mm-brushless-rotary-hammer-ld2888\/","name":"18V LI-ION POWER TOOLS 28MM BRUSHLESS ROTARY HAMMER - LD2888 - Jinhua Jujie Electric Machine CO., LTD","isPartOf":{"@id":"https:\/\/www.skttool.com\/#website"},"primaryImageOfPage":{"@id":"https:\/\/www.skttool.com\/product\/18v-li-ion-power-tools-28mm-brushless-rotary-hammer-ld2888\/#primaryimage"},"image":{"@id":"https:\/\/www.skttool.com\/product\/18v-li-ion-power-tools-28mm-brushless-rotary-hammer-ld2888\/#primaryimage"},"thumbnailUrl":"https:\/\/www.skttool.com\/wp-content\/uploads\/2024\/07\/1591668276564315.jpg","datePublished":"2024-07-12T02:18:25+00:00","dateModified":"2024-07-12T06:38:24+00:00","breadcrumb":{"@id":"https:\/\/www.skttool.com\/product\/18v-li-ion-power-tools-28mm-brushless-rotary-hammer-ld2888\/#breadcrumb"},"inLanguage":"es","potentialAction":[{"@type":"ReadAction","target":["https:\/\/www.skttool.com\/product\/18v-li-ion-power-tools-28mm-brushless-rotary-hammer-ld2888\/"]}]},{"@type":"ImageObject","inLanguage":"es","@id":"https:\/\/www.skttool.com\/product\/18v-li-ion-power-tools-28mm-brushless-rotary-hammer-ld2888\/#primaryimage","url":"https:\/\/www.skttool.com\/wp-content\/uploads\/2024\/07\/1591668276564315.jpg","contentUrl":"https:\/\/www.skttool.com\/wp-content\/uploads\/2024\/07\/1591668276564315.jpg","width":800,"height":800},{"@type":"BreadcrumbList","@id":"https:\/\/www.skttool.com\/product\/18v-li-ion-power-tools-28mm-brushless-rotary-hammer-ld2888\/#breadcrumb","itemListElement":[{"@type":"ListItem","position":1,"name":"Home","item":"https:\/\/www.skttool.com\/"},{"@type":"ListItem","position":2,"name":"Products","item":"https:\/\/www.skttool.com\/shop\/"},{"@type":"ListItem","position":3,"name":"18V LI-ION POWER TOOLS 28MM BRUSHLESS ROTARY HAMMER &#8211; LD2888"}]},{"@type":"WebSite","@id":"https:\/\/www.skttool.com\/#website","url":"https:\/\/www.skttool.com\/","name":"Jinhua Jujie Electric Machine CO., LTD","description":"","publisher":{"@id":"https:\/\/www.skttool.com\/#organization"},"potentialAction":[{"@type":"SearchAction","target":{"@type":"EntryPoint","urlTemplate":"https:\/\/www.skttool.com\/?s={search_term_string}"},"query-input":"required name=search_term_string"}],"inLanguage":"es"},{"@type":"Organization","@id":"https:\/\/www.skttool.com\/#organization","name":"Jinhua Jujie Electric Machine CO., LTD","url":"https:\/\/www.skttool.com\/","logo":{"@type":"ImageObject","inLanguage":"es","@id":"https:\/\/www.skttool.com\/#\/schema\/logo\/image\/","url":"https:\/\/www.skttool.com\/wp-content\/uploads\/2023\/10\/logo.png.webp","contentUrl":"https:\/\/www.skttool.com\/wp-content\/uploads\/2023\/10\/logo.png.webp","width":123,"height":45,"caption":"Jinhua Jujie Electric Machine CO., LTD"},"image":{"@id":"https:\/\/www.skttool.com\/#\/schema\/logo\/image\/"}}]}},"_links":{"self":[{"href":"https:\/\/www.skttool.com\/es\/wp-json\/wp\/v2\/product\/424"}],"collection":[{"href":"https:\/\/www.skttool.com\/es\/wp-json\/wp\/v2\/product"}],"about":[{"href":"https:\/\/www.skttool.com\/es\/wp-json\/wp\/v2\/types\/product"}],"replies":[{"embeddable":true,"href":"https:\/\/www.skttool.com\/es\/wp-json\/wp\/v2\/comments?post=424"}],"wp:featuredmedia":[{"embeddable":true,"href":"https:\/\/www.skttool.com\/es\/wp-json\/wp\/v2\/media\/288"}],"wp:attachment":[{"href":"https:\/\/www.skttool.com\/es\/wp-json\/wp\/v2\/media?parent=424"}],"wp:term":[{"taxonomy":"product_cat","embeddable":true,"href":"https:\/\/www.skttool.com\/es\/wp-json\/wp\/v2\/product_cat?post=424"},{"taxonomy":"product_tag","embeddable":true,"href":"https:\/\/www.skttool.com\/es\/wp-json\/wp\/v2\/product_tag?post=424"}],"curies":[{"name":"wp","href":"https:\/\/api.w.org\/{rel}","templated":true}]}}