{"id":439,"date":"2024-07-12T02:18:33","date_gmt":"2024-07-12T02:18:33","guid":{"rendered":"https:\/\/www.skttool.com\/product\/4kg-15j-professional-electric-power-drill-demolition-hammer-0402\/"},"modified":"2024-07-12T06:36:32","modified_gmt":"2024-07-12T06:36:32","slug":"4kg-15j-professional-electric-power-drill-demolition-hammer-0402","status":"publish","type":"product","link":"https:\/\/www.skttool.com\/de\/produkt\/4kg-15j-professional-electric-power-drill-demolition-hammer-0402\/","title":{"rendered":"4 kg, 15 J, professioneller elektrischer Bohrhammer zum Abbruch \u2013 0402"},"content":{"rendered":"<table width=\"737\">\n<tbody>\n<tr class=\"firstRow\">\n<th>Stromspannung<\/th>\n<td width=\"261\">220-240 V<\/td>\n<th>Funktion<\/th>\n<td width=\"194\">Brechen<\/td>\n<\/tr>\n<tr>\n<th>Frequenz<\/th>\n<td width=\"261\">50 Hz<\/td>\n<th>Zertifikat<\/th>\n<td width=\"194\">CCC<\/td>\n<\/tr>\n<tr>\n<th>Eingangsleistung<\/th>\n<td>1150 W<\/td>\n<th>Einheitspackung<\/th>\n<td width=\"194\">BMC<\/td>\n<\/tr>\n<tr>\n<th>Schlagfestigkeit<\/th>\n<td width=\"261\">Drehzahl 4200\/min-1<\/td>\n<th>Kabel und Stecker<\/th>\n<td width=\"194\">2m Gummi H07RN-F 2\u00d71,0mm\u00b2 VDE-Kabel, VDE-Stecker<\/td>\n<\/tr>\n<tr>\n<th>Aufprallenergie<\/th>\n<td width=\"261\">15 J<\/td>\n<th>Nettogewicht<\/th>\n<td width=\"194\">4,4 kg<\/td>\n<\/tr>\n<tr>\n<th>Zubeh\u00f6r<\/th>\n<td style=\"word-break: break-all;\" width=\"261\">1 St\u00fcck Zusatzhandgriff, 1 St\u00fcck Spitzmei\u00dfel, 1 St\u00fcck Flachmei\u00dfel, 1 St\u00fcck Schraubenschl\u00fcssel<\/td>\n<th><\/th>\n<td width=\"194\"><\/td>\n<\/tr>\n<\/tbody>\n<\/table>","protected":false},"excerpt":{"rendered":"<p>Voltage 220-240V Function Breaking Frequency 50Hz Certificate CCC Input Power 1150W Unit Pack BMC Impact rating 4200\/min-1 Cable and Plug 2m rubber H07RN-F 2&#215;1.0mm\u00b2 VDE Cord , VDE Plug Impact Energy 15 J Net Weight 4.4KG Accessory 1pc auxiliary handle, 1pc point chisel , 1pc flat chisel, 1pc spanner<\/p>","protected":false},"featured_media":275,"comment_status":"open","ping_status":"closed","template":"","meta":{"_acf_changed":false,"_mi_skip_tracking":false,"_monsterinsights_sitenote_active":false,"_monsterinsights_sitenote_note":"","_monsterinsights_sitenote_category":0},"product_cat":[42,30],"product_tag":[],"class_list":{"0":"post-439","1":"product","2":"type-product","3":"status-publish","4":"has-post-thumbnail","6":"product_cat-demolition-breaker","7":"product_cat-professional-line","9":"first","10":"instock","11":"shipping-taxable","12":"product-type-simple"},"acf":[],"yoast_head":"<!-- This site is optimized with the Yoast SEO Premium plugin v21.6 (Yoast SEO v22.3) - https:\/\/yoast.com\/wordpress\/plugins\/seo\/ -->\n<title>4KG 15J Professional Electric POWER DRILL DEMOLITION HAMMER - 0402 - Jinhua Jujie Electric Machine CO., LTD<\/title>\n<meta name=\"robots\" content=\"index, follow, max-snippet:-1, max-image-preview:large, max-video-preview:-1\" \/>\n<link rel=\"canonical\" href=\"https:\/\/www.skttool.com\/de\/produkt\/4kg-15j-professional-electric-power-drill-demolition-hammer-0402\/\" \/>\n<meta property=\"og:locale\" content=\"de_DE\" \/>\n<meta property=\"og:type\" content=\"article\" \/>\n<meta property=\"og:title\" content=\"4KG 15J Professional Electric POWER DRILL DEMOLITION HAMMER - 0402\" \/>\n<meta property=\"og:description\" content=\"Voltage 220-240V Function Breaking Frequency 50Hz Certificate CCC Input Power 1150W Unit Pack BMC Impact rating 4200\/min-1 Cable and Plug 2m rubber H07RN-F 2&#215;1.0mm\u00b2 VDE Cord , VDE Plug Impact Energy 15 J Net Weight 4.4KG Accessory 1pc auxiliary handle, 1pc point chisel , 1pc flat chisel, 1pc spanner\" \/>\n<meta property=\"og:url\" content=\"https:\/\/www.skttool.com\/de\/produkt\/4kg-15j-professional-electric-power-drill-demolition-hammer-0402\/\" \/>\n<meta property=\"og:site_name\" content=\"Jinhua Jujie Electric Machine CO., LTD\" \/>\n<meta property=\"article:modified_time\" content=\"2024-07-12T06:36:32+00:00\" \/>\n<meta property=\"og:image\" content=\"https:\/\/www.skttool.com\/wp-content\/uploads\/2024\/07\/1591607486231197.jpg\" \/>\n\t<meta property=\"og:image:width\" content=\"800\" \/>\n\t<meta property=\"og:image:height\" content=\"800\" \/>\n\t<meta property=\"og:image:type\" content=\"image\/jpeg\" \/>\n<meta name=\"twitter:card\" content=\"summary_large_image\" \/>\n<meta name=\"twitter:label1\" content=\"Gesch\u00e4tzte Lesezeit\" \/>\n\t<meta name=\"twitter:data1\" content=\"1 Minute\" \/>\n<script type=\"application\/ld+json\" class=\"yoast-schema-graph\">{\"@context\":\"https:\/\/schema.org\",\"@graph\":[{\"@type\":\"WebPage\",\"@id\":\"https:\/\/www.skttool.com\/product\/4kg-15j-professional-electric-power-drill-demolition-hammer-0402\/\",\"url\":\"https:\/\/www.skttool.com\/product\/4kg-15j-professional-electric-power-drill-demolition-hammer-0402\/\",\"name\":\"4KG 15J Professional Electric POWER DRILL DEMOLITION HAMMER - 0402 - Jinhua Jujie Electric Machine CO., LTD\",\"isPartOf\":{\"@id\":\"https:\/\/www.skttool.com\/#website\"},\"primaryImageOfPage\":{\"@id\":\"https:\/\/www.skttool.com\/product\/4kg-15j-professional-electric-power-drill-demolition-hammer-0402\/#primaryimage\"},\"image\":{\"@id\":\"https:\/\/www.skttool.com\/product\/4kg-15j-professional-electric-power-drill-demolition-hammer-0402\/#primaryimage\"},\"thumbnailUrl\":\"https:\/\/www.skttool.com\/wp-content\/uploads\/2024\/07\/1591607486231197.jpg\",\"datePublished\":\"2024-07-12T02:18:33+00:00\",\"dateModified\":\"2024-07-12T06:36:32+00:00\",\"breadcrumb\":{\"@id\":\"https:\/\/www.skttool.com\/product\/4kg-15j-professional-electric-power-drill-demolition-hammer-0402\/#breadcrumb\"},\"inLanguage\":\"de\",\"potentialAction\":[{\"@type\":\"ReadAction\",\"target\":[\"https:\/\/www.skttool.com\/product\/4kg-15j-professional-electric-power-drill-demolition-hammer-0402\/\"]}]},{\"@type\":\"ImageObject\",\"inLanguage\":\"de\",\"@id\":\"https:\/\/www.skttool.com\/product\/4kg-15j-professional-electric-power-drill-demolition-hammer-0402\/#primaryimage\",\"url\":\"https:\/\/www.skttool.com\/wp-content\/uploads\/2024\/07\/1591607486231197.jpg\",\"contentUrl\":\"https:\/\/www.skttool.com\/wp-content\/uploads\/2024\/07\/1591607486231197.jpg\",\"width\":800,\"height\":800},{\"@type\":\"BreadcrumbList\",\"@id\":\"https:\/\/www.skttool.com\/product\/4kg-15j-professional-electric-power-drill-demolition-hammer-0402\/#breadcrumb\",\"itemListElement\":[{\"@type\":\"ListItem\",\"position\":1,\"name\":\"Home\",\"item\":\"https:\/\/www.skttool.com\/\"},{\"@type\":\"ListItem\",\"position\":2,\"name\":\"Products\",\"item\":\"https:\/\/www.skttool.com\/shop\/\"},{\"@type\":\"ListItem\",\"position\":3,\"name\":\"4KG 15J Professional Electric POWER DRILL DEMOLITION HAMMER &#8211; 0402\"}]},{\"@type\":\"WebSite\",\"@id\":\"https:\/\/www.skttool.com\/#website\",\"url\":\"https:\/\/www.skttool.com\/\",\"name\":\"Jinhua Jujie Electric Machine CO., LTD\",\"description\":\"\",\"publisher\":{\"@id\":\"https:\/\/www.skttool.com\/#organization\"},\"potentialAction\":[{\"@type\":\"SearchAction\",\"target\":{\"@type\":\"EntryPoint\",\"urlTemplate\":\"https:\/\/www.skttool.com\/?s={search_term_string}\"},\"query-input\":\"required name=search_term_string\"}],\"inLanguage\":\"de\"},{\"@type\":\"Organization\",\"@id\":\"https:\/\/www.skttool.com\/#organization\",\"name\":\"Jinhua Jujie Electric Machine CO., LTD\",\"url\":\"https:\/\/www.skttool.com\/\",\"logo\":{\"@type\":\"ImageObject\",\"inLanguage\":\"de\",\"@id\":\"https:\/\/www.skttool.com\/#\/schema\/logo\/image\/\",\"url\":\"https:\/\/www.skttool.com\/wp-content\/uploads\/2023\/10\/logo.png.webp\",\"contentUrl\":\"https:\/\/www.skttool.com\/wp-content\/uploads\/2023\/10\/logo.png.webp\",\"width\":123,\"height\":45,\"caption\":\"Jinhua Jujie Electric Machine CO., LTD\"},\"image\":{\"@id\":\"https:\/\/www.skttool.com\/#\/schema\/logo\/image\/\"}}]}<\/script>\n<!-- \/ Yoast SEO Premium plugin. -->","yoast_head_json":{"title":"4KG 15J Professional Electric POWER DRILL DEMOLITION HAMMER - 0402 - Jinhua Jujie Electric Machine CO., LTD","robots":{"index":"index","follow":"follow","max-snippet":"max-snippet:-1","max-image-preview":"max-image-preview:large","max-video-preview":"max-video-preview:-1"},"canonical":"https:\/\/www.skttool.com\/de\/produkt\/4kg-15j-professional-electric-power-drill-demolition-hammer-0402\/","og_locale":"de_DE","og_type":"article","og_title":"4KG 15J Professional Electric POWER DRILL DEMOLITION HAMMER - 0402","og_description":"Voltage 220-240V Function Breaking Frequency 50Hz Certificate CCC Input Power 1150W Unit Pack BMC Impact rating 4200\/min-1 Cable and Plug 2m rubber H07RN-F 2&#215;1.0mm\u00b2 VDE Cord , VDE Plug Impact Energy 15 J Net Weight 4.4KG Accessory 1pc auxiliary handle, 1pc point chisel , 1pc flat chisel, 1pc spanner","og_url":"https:\/\/www.skttool.com\/de\/produkt\/4kg-15j-professional-electric-power-drill-demolition-hammer-0402\/","og_site_name":"Jinhua Jujie Electric Machine CO., LTD","article_modified_time":"2024-07-12T06:36:32+00:00","og_image":[{"width":800,"height":800,"url":"https:\/\/www.skttool.com\/wp-content\/uploads\/2024\/07\/1591607486231197.jpg","type":"image\/jpeg"}],"twitter_card":"summary_large_image","twitter_misc":{"Gesch\u00e4tzte Lesezeit":"1 Minute"},"schema":{"@context":"https:\/\/schema.org","@graph":[{"@type":"WebPage","@id":"https:\/\/www.skttool.com\/product\/4kg-15j-professional-electric-power-drill-demolition-hammer-0402\/","url":"https:\/\/www.skttool.com\/product\/4kg-15j-professional-electric-power-drill-demolition-hammer-0402\/","name":"4KG 15J Professional Electric POWER DRILL DEMOLITION HAMMER - 0402 - Jinhua Jujie Electric Machine CO., LTD","isPartOf":{"@id":"https:\/\/www.skttool.com\/#website"},"primaryImageOfPage":{"@id":"https:\/\/www.skttool.com\/product\/4kg-15j-professional-electric-power-drill-demolition-hammer-0402\/#primaryimage"},"image":{"@id":"https:\/\/www.skttool.com\/product\/4kg-15j-professional-electric-power-drill-demolition-hammer-0402\/#primaryimage"},"thumbnailUrl":"https:\/\/www.skttool.com\/wp-content\/uploads\/2024\/07\/1591607486231197.jpg","datePublished":"2024-07-12T02:18:33+00:00","dateModified":"2024-07-12T06:36:32+00:00","breadcrumb":{"@id":"https:\/\/www.skttool.com\/product\/4kg-15j-professional-electric-power-drill-demolition-hammer-0402\/#breadcrumb"},"inLanguage":"de","potentialAction":[{"@type":"ReadAction","target":["https:\/\/www.skttool.com\/product\/4kg-15j-professional-electric-power-drill-demolition-hammer-0402\/"]}]},{"@type":"ImageObject","inLanguage":"de","@id":"https:\/\/www.skttool.com\/product\/4kg-15j-professional-electric-power-drill-demolition-hammer-0402\/#primaryimage","url":"https:\/\/www.skttool.com\/wp-content\/uploads\/2024\/07\/1591607486231197.jpg","contentUrl":"https:\/\/www.skttool.com\/wp-content\/uploads\/2024\/07\/1591607486231197.jpg","width":800,"height":800},{"@type":"BreadcrumbList","@id":"https:\/\/www.skttool.com\/product\/4kg-15j-professional-electric-power-drill-demolition-hammer-0402\/#breadcrumb","itemListElement":[{"@type":"ListItem","position":1,"name":"Home","item":"https:\/\/www.skttool.com\/"},{"@type":"ListItem","position":2,"name":"Products","item":"https:\/\/www.skttool.com\/shop\/"},{"@type":"ListItem","position":3,"name":"4KG 15J Professional Electric POWER DRILL DEMOLITION HAMMER &#8211; 0402"}]},{"@type":"WebSite","@id":"https:\/\/www.skttool.com\/#website","url":"https:\/\/www.skttool.com\/","name":"Jinhua Jujie Electric Machine CO., LTD","description":"","publisher":{"@id":"https:\/\/www.skttool.com\/#organization"},"potentialAction":[{"@type":"SearchAction","target":{"@type":"EntryPoint","urlTemplate":"https:\/\/www.skttool.com\/?s={search_term_string}"},"query-input":"required name=search_term_string"}],"inLanguage":"de"},{"@type":"Organization","@id":"https:\/\/www.skttool.com\/#organization","name":"Jinhua Jujie Electric Machine CO., LTD","url":"https:\/\/www.skttool.com\/","logo":{"@type":"ImageObject","inLanguage":"de","@id":"https:\/\/www.skttool.com\/#\/schema\/logo\/image\/","url":"https:\/\/www.skttool.com\/wp-content\/uploads\/2023\/10\/logo.png.webp","contentUrl":"https:\/\/www.skttool.com\/wp-content\/uploads\/2023\/10\/logo.png.webp","width":123,"height":45,"caption":"Jinhua Jujie Electric Machine CO., LTD"},"image":{"@id":"https:\/\/www.skttool.com\/#\/schema\/logo\/image\/"}}]}},"_links":{"self":[{"href":"https:\/\/www.skttool.com\/de\/wp-json\/wp\/v2\/product\/439"}],"collection":[{"href":"https:\/\/www.skttool.com\/de\/wp-json\/wp\/v2\/product"}],"about":[{"href":"https:\/\/www.skttool.com\/de\/wp-json\/wp\/v2\/types\/product"}],"replies":[{"embeddable":true,"href":"https:\/\/www.skttool.com\/de\/wp-json\/wp\/v2\/comments?post=439"}],"wp:featuredmedia":[{"embeddable":true,"href":"https:\/\/www.skttool.com\/de\/wp-json\/wp\/v2\/media\/275"}],"wp:attachment":[{"href":"https:\/\/www.skttool.com\/de\/wp-json\/wp\/v2\/media?parent=439"}],"wp:term":[{"taxonomy":"product_cat","embeddable":true,"href":"https:\/\/www.skttool.com\/de\/wp-json\/wp\/v2\/product_cat?post=439"},{"taxonomy":"product_tag","embeddable":true,"href":"https:\/\/www.skttool.com\/de\/wp-json\/wp\/v2\/product_tag?post=439"}],"curies":[{"name":"wp","href":"https:\/\/api.w.org\/{rel}","templated":true}]}}