{"id":433,"date":"2024-07-12T02:18:30","date_gmt":"2024-07-12T02:18:30","guid":{"rendered":"https:\/\/www.skttool.com\/product\/36v-lithium-light-26mm-professional-electric-lithium-rotary-hamme-ld2655\/"},"modified":"2024-07-12T06:37:17","modified_gmt":"2024-07-12T06:37:17","slug":"36v-lithium-light-26mm-professional-electric-lithium-rotary-hamme-ld2655","status":"publish","type":"product","link":"https:\/\/www.skttool.com\/de\/produkt\/36v-lithium-light-26mm-professional-electric-lithium-rotary-hamme-ld2655\/","title":{"rendered":"36V LITHIUMLICHT 26MM PROFESSIONELLE ELEKTRISCHE LITHIUM-DREHHAMME \u2013 LD2655"},"content":{"rendered":"<table width=\"737\">\n<tbody>\n<tr class=\"firstRow\">\n<th>Spannung\/Frequenz<\/th>\n<td width=\"261\">36 V<\/td>\n<th>Funktion<\/th>\n<td width=\"194\">4 (Bohrmaschine, Bohrmaschine mit Hammer, Mei\u00dfel, Vario-Lock)<\/td>\n<\/tr>\n<tr>\n<th>Leerlaufdrehzahl<\/th>\n<td width=\"261\">0-1050 U\/min<\/td>\n<th>Bemerkung<\/th>\n<td width=\"194\">Arbeitskapazit\u00e4t: f\u00fcr Beton: max. 26 mm f\u00fcr Metall: max. 13 mm f\u00fcr Holz: max. 40 mm<\/td>\n<\/tr>\n<tr>\n<th>Schlagfestigkeit<\/th>\n<td>0-4800 Schl\u00e4ge\/min<\/td>\n<th>Einheitspackung<\/th>\n<td>BMC+Farbh\u00fclse<\/td>\n<\/tr>\n<tr>\n<th>Aufprallenergie<\/th>\n<td>3J<\/td>\n<th>Nettogewicht<\/th>\n<td>1,9 kg<\/td>\n<\/tr>\n<\/tbody>\n<\/table>","protected":false},"excerpt":{"rendered":"<p>Spannung\/Frequenz 36 V Funktion 4 (Bohren, Bohren mit Hammer, Mei\u00dfeln, Vario-Lock) Leerlaufdrehzahl 0-1050 U\/min Bemerkung Arbeitskapazit\u00e4t: f\u00fcr Beton: max. 26 mm f\u00fcr Metall: max. 13 mm f\u00fcr Holz: max. 40 mm Schlagzahl 0-4800 U\/min Einheitspackung BMC+Farbh\u00fclse Schlagenergie 3 J Nettogewicht 1,9 kg<\/p>","protected":false},"featured_media":289,"comment_status":"open","ping_status":"closed","template":"","meta":{"_acf_changed":false,"_mi_skip_tracking":false,"_monsterinsights_sitenote_active":false,"_monsterinsights_sitenote_note":"","_monsterinsights_sitenote_category":0},"product_cat":[37],"product_tag":[],"class_list":{"0":"post-433","1":"product","2":"type-product","3":"status-publish","4":"has-post-thumbnail","6":"product_cat-dc-rotary-hammer","8":"first","9":"instock","10":"shipping-taxable","11":"product-type-simple"},"acf":[],"yoast_head":"<!-- This site is optimized with the Yoast SEO Premium plugin v21.6 (Yoast SEO v22.3) - https:\/\/yoast.com\/wordpress\/plugins\/seo\/ -->\n<title>36V LITHIUM LIGHT 26MM PROFESSIONAL ELECTRIC LITHIUM ROTARY HAMME - LD2655 - Jinhua Jujie Electric Machine CO., LTD<\/title>\n<meta name=\"robots\" content=\"index, follow, max-snippet:-1, max-image-preview:large, max-video-preview:-1\" \/>\n<link rel=\"canonical\" href=\"https:\/\/www.skttool.com\/de\/produkt\/36v-lithium-light-26mm-professional-electric-lithium-rotary-hamme-ld2655\/\" \/>\n<meta property=\"og:locale\" content=\"de_DE\" \/>\n<meta property=\"og:type\" content=\"article\" \/>\n<meta property=\"og:title\" content=\"36V LITHIUM LIGHT 26MM PROFESSIONAL ELECTRIC LITHIUM ROTARY HAMME - LD2655\" \/>\n<meta property=\"og:description\" content=\"Voltage\/Frequency 36V Function 4 (drill, drill with hammer, Chisel, vario-lock) No load speed 0-1050 rpm Remark Working Capacity: for concrete: max.26mm for metal: max. 13mm for wood: max. 40mm Impact rating 0-4800 bpm Unit Pack BMC+Color sleeve Impact Energy 3J Net Weight 1.9KG\" \/>\n<meta property=\"og:url\" content=\"https:\/\/www.skttool.com\/de\/produkt\/36v-lithium-light-26mm-professional-electric-lithium-rotary-hamme-ld2655\/\" \/>\n<meta property=\"og:site_name\" content=\"Jinhua Jujie Electric Machine CO., LTD\" \/>\n<meta property=\"article:modified_time\" content=\"2024-07-12T06:37:17+00:00\" \/>\n<meta property=\"og:image\" content=\"https:\/\/www.skttool.com\/wp-content\/uploads\/2024\/07\/1591669022332084.jpg\" \/>\n\t<meta property=\"og:image:width\" content=\"800\" \/>\n\t<meta property=\"og:image:height\" content=\"800\" \/>\n\t<meta property=\"og:image:type\" content=\"image\/jpeg\" \/>\n<meta name=\"twitter:card\" content=\"summary_large_image\" \/>\n<meta name=\"twitter:label1\" content=\"Gesch\u00e4tzte Lesezeit\" \/>\n\t<meta name=\"twitter:data1\" content=\"1 Minute\" \/>\n<script type=\"application\/ld+json\" class=\"yoast-schema-graph\">{\"@context\":\"https:\/\/schema.org\",\"@graph\":[{\"@type\":\"WebPage\",\"@id\":\"https:\/\/www.skttool.com\/product\/36v-lithium-light-26mm-professional-electric-lithium-rotary-hamme-ld2655\/\",\"url\":\"https:\/\/www.skttool.com\/product\/36v-lithium-light-26mm-professional-electric-lithium-rotary-hamme-ld2655\/\",\"name\":\"36V LITHIUM LIGHT 26MM PROFESSIONAL ELECTRIC LITHIUM ROTARY HAMME - LD2655 - Jinhua Jujie Electric Machine CO., LTD\",\"isPartOf\":{\"@id\":\"https:\/\/www.skttool.com\/#website\"},\"primaryImageOfPage\":{\"@id\":\"https:\/\/www.skttool.com\/product\/36v-lithium-light-26mm-professional-electric-lithium-rotary-hamme-ld2655\/#primaryimage\"},\"image\":{\"@id\":\"https:\/\/www.skttool.com\/product\/36v-lithium-light-26mm-professional-electric-lithium-rotary-hamme-ld2655\/#primaryimage\"},\"thumbnailUrl\":\"https:\/\/www.skttool.com\/wp-content\/uploads\/2024\/07\/1591669022332084.jpg\",\"datePublished\":\"2024-07-12T02:18:30+00:00\",\"dateModified\":\"2024-07-12T06:37:17+00:00\",\"breadcrumb\":{\"@id\":\"https:\/\/www.skttool.com\/product\/36v-lithium-light-26mm-professional-electric-lithium-rotary-hamme-ld2655\/#breadcrumb\"},\"inLanguage\":\"de\",\"potentialAction\":[{\"@type\":\"ReadAction\",\"target\":[\"https:\/\/www.skttool.com\/product\/36v-lithium-light-26mm-professional-electric-lithium-rotary-hamme-ld2655\/\"]}]},{\"@type\":\"ImageObject\",\"inLanguage\":\"de\",\"@id\":\"https:\/\/www.skttool.com\/product\/36v-lithium-light-26mm-professional-electric-lithium-rotary-hamme-ld2655\/#primaryimage\",\"url\":\"https:\/\/www.skttool.com\/wp-content\/uploads\/2024\/07\/1591669022332084.jpg\",\"contentUrl\":\"https:\/\/www.skttool.com\/wp-content\/uploads\/2024\/07\/1591669022332084.jpg\",\"width\":800,\"height\":800},{\"@type\":\"BreadcrumbList\",\"@id\":\"https:\/\/www.skttool.com\/product\/36v-lithium-light-26mm-professional-electric-lithium-rotary-hamme-ld2655\/#breadcrumb\",\"itemListElement\":[{\"@type\":\"ListItem\",\"position\":1,\"name\":\"Home\",\"item\":\"https:\/\/www.skttool.com\/\"},{\"@type\":\"ListItem\",\"position\":2,\"name\":\"Products\",\"item\":\"https:\/\/www.skttool.com\/shop\/\"},{\"@type\":\"ListItem\",\"position\":3,\"name\":\"36V LITHIUM LIGHT 26MM PROFESSIONAL ELECTRIC LITHIUM ROTARY HAMME &#8211; LD2655\"}]},{\"@type\":\"WebSite\",\"@id\":\"https:\/\/www.skttool.com\/#website\",\"url\":\"https:\/\/www.skttool.com\/\",\"name\":\"Jinhua Jujie Electric Machine CO., LTD\",\"description\":\"\",\"publisher\":{\"@id\":\"https:\/\/www.skttool.com\/#organization\"},\"potentialAction\":[{\"@type\":\"SearchAction\",\"target\":{\"@type\":\"EntryPoint\",\"urlTemplate\":\"https:\/\/www.skttool.com\/?s={search_term_string}\"},\"query-input\":\"required name=search_term_string\"}],\"inLanguage\":\"de\"},{\"@type\":\"Organization\",\"@id\":\"https:\/\/www.skttool.com\/#organization\",\"name\":\"Jinhua Jujie Electric Machine CO., LTD\",\"url\":\"https:\/\/www.skttool.com\/\",\"logo\":{\"@type\":\"ImageObject\",\"inLanguage\":\"de\",\"@id\":\"https:\/\/www.skttool.com\/#\/schema\/logo\/image\/\",\"url\":\"https:\/\/www.skttool.com\/wp-content\/uploads\/2023\/10\/logo.png.webp\",\"contentUrl\":\"https:\/\/www.skttool.com\/wp-content\/uploads\/2023\/10\/logo.png.webp\",\"width\":123,\"height\":45,\"caption\":\"Jinhua Jujie Electric Machine CO., LTD\"},\"image\":{\"@id\":\"https:\/\/www.skttool.com\/#\/schema\/logo\/image\/\"}}]}<\/script>\n<!-- \/ Yoast SEO Premium plugin. -->","yoast_head_json":{"title":"36V LITHIUM LIGHT 26MM PROFESSIONAL ELECTRIC LITHIUM ROTARY HAMME - LD2655 - Jinhua Jujie Electric Machine CO., LTD","robots":{"index":"index","follow":"follow","max-snippet":"max-snippet:-1","max-image-preview":"max-image-preview:large","max-video-preview":"max-video-preview:-1"},"canonical":"https:\/\/www.skttool.com\/de\/produkt\/36v-lithium-light-26mm-professional-electric-lithium-rotary-hamme-ld2655\/","og_locale":"de_DE","og_type":"article","og_title":"36V LITHIUM LIGHT 26MM PROFESSIONAL ELECTRIC LITHIUM ROTARY HAMME - LD2655","og_description":"Voltage\/Frequency 36V Function 4 (drill, drill with hammer, Chisel, vario-lock) No load speed 0-1050 rpm Remark Working Capacity: for concrete: max.26mm for metal: max. 13mm for wood: max. 40mm Impact rating 0-4800 bpm Unit Pack BMC+Color sleeve Impact Energy 3J Net Weight 1.9KG","og_url":"https:\/\/www.skttool.com\/de\/produkt\/36v-lithium-light-26mm-professional-electric-lithium-rotary-hamme-ld2655\/","og_site_name":"Jinhua Jujie Electric Machine CO., LTD","article_modified_time":"2024-07-12T06:37:17+00:00","og_image":[{"width":800,"height":800,"url":"https:\/\/www.skttool.com\/wp-content\/uploads\/2024\/07\/1591669022332084.jpg","type":"image\/jpeg"}],"twitter_card":"summary_large_image","twitter_misc":{"Gesch\u00e4tzte Lesezeit":"1 Minute"},"schema":{"@context":"https:\/\/schema.org","@graph":[{"@type":"WebPage","@id":"https:\/\/www.skttool.com\/product\/36v-lithium-light-26mm-professional-electric-lithium-rotary-hamme-ld2655\/","url":"https:\/\/www.skttool.com\/product\/36v-lithium-light-26mm-professional-electric-lithium-rotary-hamme-ld2655\/","name":"36V LITHIUM LIGHT 26MM PROFESSIONAL ELECTRIC LITHIUM ROTARY HAMME - LD2655 - Jinhua Jujie Electric Machine CO., LTD","isPartOf":{"@id":"https:\/\/www.skttool.com\/#website"},"primaryImageOfPage":{"@id":"https:\/\/www.skttool.com\/product\/36v-lithium-light-26mm-professional-electric-lithium-rotary-hamme-ld2655\/#primaryimage"},"image":{"@id":"https:\/\/www.skttool.com\/product\/36v-lithium-light-26mm-professional-electric-lithium-rotary-hamme-ld2655\/#primaryimage"},"thumbnailUrl":"https:\/\/www.skttool.com\/wp-content\/uploads\/2024\/07\/1591669022332084.jpg","datePublished":"2024-07-12T02:18:30+00:00","dateModified":"2024-07-12T06:37:17+00:00","breadcrumb":{"@id":"https:\/\/www.skttool.com\/product\/36v-lithium-light-26mm-professional-electric-lithium-rotary-hamme-ld2655\/#breadcrumb"},"inLanguage":"de","potentialAction":[{"@type":"ReadAction","target":["https:\/\/www.skttool.com\/product\/36v-lithium-light-26mm-professional-electric-lithium-rotary-hamme-ld2655\/"]}]},{"@type":"ImageObject","inLanguage":"de","@id":"https:\/\/www.skttool.com\/product\/36v-lithium-light-26mm-professional-electric-lithium-rotary-hamme-ld2655\/#primaryimage","url":"https:\/\/www.skttool.com\/wp-content\/uploads\/2024\/07\/1591669022332084.jpg","contentUrl":"https:\/\/www.skttool.com\/wp-content\/uploads\/2024\/07\/1591669022332084.jpg","width":800,"height":800},{"@type":"BreadcrumbList","@id":"https:\/\/www.skttool.com\/product\/36v-lithium-light-26mm-professional-electric-lithium-rotary-hamme-ld2655\/#breadcrumb","itemListElement":[{"@type":"ListItem","position":1,"name":"Home","item":"https:\/\/www.skttool.com\/"},{"@type":"ListItem","position":2,"name":"Products","item":"https:\/\/www.skttool.com\/shop\/"},{"@type":"ListItem","position":3,"name":"36V LITHIUM LIGHT 26MM PROFESSIONAL ELECTRIC LITHIUM ROTARY HAMME &#8211; LD2655"}]},{"@type":"WebSite","@id":"https:\/\/www.skttool.com\/#website","url":"https:\/\/www.skttool.com\/","name":"Jinhua Jujie Electric Machine CO., LTD","description":"","publisher":{"@id":"https:\/\/www.skttool.com\/#organization"},"potentialAction":[{"@type":"SearchAction","target":{"@type":"EntryPoint","urlTemplate":"https:\/\/www.skttool.com\/?s={search_term_string}"},"query-input":"required name=search_term_string"}],"inLanguage":"de"},{"@type":"Organization","@id":"https:\/\/www.skttool.com\/#organization","name":"Jinhua Jujie Electric Machine CO., LTD","url":"https:\/\/www.skttool.com\/","logo":{"@type":"ImageObject","inLanguage":"de","@id":"https:\/\/www.skttool.com\/#\/schema\/logo\/image\/","url":"https:\/\/www.skttool.com\/wp-content\/uploads\/2023\/10\/logo.png.webp","contentUrl":"https:\/\/www.skttool.com\/wp-content\/uploads\/2023\/10\/logo.png.webp","width":123,"height":45,"caption":"Jinhua Jujie Electric Machine CO., LTD"},"image":{"@id":"https:\/\/www.skttool.com\/#\/schema\/logo\/image\/"}}]}},"_links":{"self":[{"href":"https:\/\/www.skttool.com\/de\/wp-json\/wp\/v2\/product\/433"}],"collection":[{"href":"https:\/\/www.skttool.com\/de\/wp-json\/wp\/v2\/product"}],"about":[{"href":"https:\/\/www.skttool.com\/de\/wp-json\/wp\/v2\/types\/product"}],"replies":[{"embeddable":true,"href":"https:\/\/www.skttool.com\/de\/wp-json\/wp\/v2\/comments?post=433"}],"wp:featuredmedia":[{"embeddable":true,"href":"https:\/\/www.skttool.com\/de\/wp-json\/wp\/v2\/media\/289"}],"wp:attachment":[{"href":"https:\/\/www.skttool.com\/de\/wp-json\/wp\/v2\/media?parent=433"}],"wp:term":[{"taxonomy":"product_cat","embeddable":true,"href":"https:\/\/www.skttool.com\/de\/wp-json\/wp\/v2\/product_cat?post=433"},{"taxonomy":"product_tag","embeddable":true,"href":"https:\/\/www.skttool.com\/de\/wp-json\/wp\/v2\/product_tag?post=433"}],"curies":[{"name":"wp","href":"https:\/\/api.w.org\/{rel}","templated":true}]}}