{"id":412,"date":"2024-07-12T02:18:19","date_gmt":"2024-07-12T02:18:19","guid":{"rendered":"https:\/\/www.skttool.com\/product\/1050w-38mm-electric-power-tools-sds-max-rotary-hammer-3801\/"},"modified":"2024-07-12T06:39:46","modified_gmt":"2024-07-12T06:39:46","slug":"1050w-38mm-electric-power-tools-sds-max-rotary-hammer-3801","status":"publish","type":"product","link":"https:\/\/www.skttool.com\/de\/produkt\/1050w-38mm-electric-power-tools-sds-max-rotary-hammer-3801\/","title":{"rendered":"1050W 38MM ELEKTROWERKZEUGE SDS-MAX BOHRHAMMER \u2013 3801"},"content":{"rendered":"<table width=\"-21\">\n<tbody>\n<tr class=\"firstRow\">\n<th>Spannung\/Frequenz<\/th>\n<td>220-240 V<\/td>\n<th>Funktion<\/th>\n<td>3 (Mei\u00dfeln, Bohren mit Hammer, Vario-Lock)<\/td>\n<\/tr>\n<tr>\n<th>Eingang<\/th>\n<td>1050 W<\/td>\n<th>Bemerkung<\/th>\n<td style=\"word-break: break-all;\">Arbeitskapazit\u00e4t:<\/p>\n<p>f\u00fcr Beton: max. 38mm<\/td>\n<\/tr>\n<tr>\n<th>Leerlaufdrehzahl<\/th>\n<td>480 \/ 0-480 U\/min<\/td>\n<th>Zertifikat<\/th>\n<td>GS\/CE\/EMC\/CB<\/td>\n<\/tr>\n<tr>\n<th>Schlagfestigkeit<\/th>\n<td>3790 \/ 0-3780 Schl\u00e4ge\/min<\/td>\n<th>Einheitspackung<\/th>\n<td>BMC<\/td>\n<\/tr>\n<tr>\n<th>Aufprallenergie<\/th>\n<td>10 J<\/td>\n<th>Kabel und Stecker<\/th>\n<td>2m Gummi H07RN-F 2\u00d71,0mm\u00b2 VDE-Kabel, VDE-Stecker<\/td>\n<\/tr>\n<tr>\n<th>Zubeh\u00f6r<\/th>\n<td style=\"word-break: break-all;\">1 St\u00fcck Zusatzhandgriff, 1 Bohrer 16x280mm,<\/p>\n<p>1 St\u00fcck Spitzmei\u00dfel 18x320mm, 1 St\u00fcck Staubschutzh\u00fclle<\/td>\n<th>Nettogewicht<\/th>\n<td>6,65 kg<\/td>\n<\/tr>\n<\/tbody>\n<\/table>","protected":false},"excerpt":{"rendered":"<p>Voltage\/Frequency 220-240V Function 3 (chiselling, drill with hammer, vario-lock) Input 1050W Remark Working Capacity: for concrete: max. 38mm No load speed 480 \/ 0-480 rpm Certificate GS\/CE\/EMC\/CB Impact rating 3790 \/ 0-3780 bpm Unit Pack BMC Impact Energy 10 J Cable and Plug 2m rubber H07RN-F 2&#215;1.0mm\u00b2 VDE Cord , VDE Plug Accessory 1pc auxiliary [&hellip;]<\/p>","protected":false},"featured_media":371,"comment_status":"open","ping_status":"closed","template":"","meta":{"_acf_changed":false,"_mi_skip_tracking":false,"_monsterinsights_sitenote_active":false,"_monsterinsights_sitenote_note":"","_monsterinsights_sitenote_category":0},"product_cat":[30,32],"product_tag":[],"class_list":{"0":"post-412","1":"product","2":"type-product","3":"status-publish","4":"has-post-thumbnail","6":"product_cat-professional-line","7":"product_cat-vertical-rotary-hammer","9":"first","10":"instock","11":"shipping-taxable","12":"product-type-simple"},"acf":[],"yoast_head":"<!-- This site is optimized with the Yoast SEO Premium plugin v21.6 (Yoast SEO v22.3) - https:\/\/yoast.com\/wordpress\/plugins\/seo\/ -->\n<title>1050W 38MM ELECTRIC POWER TOOLS SDS-MAX ROTARY HAMMER - 3801 - Jinhua Jujie Electric Machine CO., LTD<\/title>\n<meta name=\"robots\" content=\"index, follow, max-snippet:-1, max-image-preview:large, max-video-preview:-1\" \/>\n<link rel=\"canonical\" href=\"https:\/\/www.skttool.com\/de\/produkt\/1050w-38mm-electric-power-tools-sds-max-rotary-hammer-3801\/\" \/>\n<meta property=\"og:locale\" content=\"de_DE\" \/>\n<meta property=\"og:type\" content=\"article\" \/>\n<meta property=\"og:title\" content=\"1050W 38MM ELECTRIC POWER TOOLS SDS-MAX ROTARY HAMMER - 3801\" \/>\n<meta property=\"og:description\" content=\"Voltage\/Frequency 220-240V Function 3 (chiselling, drill with hammer, vario-lock) Input 1050W Remark Working Capacity: for concrete: max. 38mm No load speed 480 \/ 0-480 rpm Certificate GS\/CE\/EMC\/CB Impact rating 3790 \/ 0-3780 bpm Unit Pack BMC Impact Energy 10 J Cable and Plug 2m rubber H07RN-F 2&#215;1.0mm\u00b2 VDE Cord , VDE Plug Accessory 1pc auxiliary [&hellip;]\" \/>\n<meta property=\"og:url\" content=\"https:\/\/www.skttool.com\/de\/produkt\/1050w-38mm-electric-power-tools-sds-max-rotary-hammer-3801\/\" \/>\n<meta property=\"og:site_name\" content=\"Jinhua Jujie Electric Machine CO., LTD\" \/>\n<meta property=\"article:modified_time\" content=\"2024-07-12T06:39:46+00:00\" \/>\n<meta property=\"og:image\" content=\"https:\/\/www.skttool.com\/wp-content\/uploads\/2024\/07\/1609234358819488.jpg\" \/>\n\t<meta property=\"og:image:width\" content=\"800\" \/>\n\t<meta property=\"og:image:height\" content=\"800\" \/>\n\t<meta property=\"og:image:type\" content=\"image\/jpeg\" \/>\n<meta name=\"twitter:card\" content=\"summary_large_image\" \/>\n<meta name=\"twitter:label1\" content=\"Gesch\u00e4tzte Lesezeit\" \/>\n\t<meta name=\"twitter:data1\" content=\"1 Minute\" \/>\n<script type=\"application\/ld+json\" class=\"yoast-schema-graph\">{\"@context\":\"https:\/\/schema.org\",\"@graph\":[{\"@type\":\"WebPage\",\"@id\":\"https:\/\/www.skttool.com\/product\/1050w-38mm-electric-power-tools-sds-max-rotary-hammer-3801\/\",\"url\":\"https:\/\/www.skttool.com\/product\/1050w-38mm-electric-power-tools-sds-max-rotary-hammer-3801\/\",\"name\":\"1050W 38MM ELECTRIC POWER TOOLS SDS-MAX ROTARY HAMMER - 3801 - Jinhua Jujie Electric Machine CO., LTD\",\"isPartOf\":{\"@id\":\"https:\/\/www.skttool.com\/#website\"},\"primaryImageOfPage\":{\"@id\":\"https:\/\/www.skttool.com\/product\/1050w-38mm-electric-power-tools-sds-max-rotary-hammer-3801\/#primaryimage\"},\"image\":{\"@id\":\"https:\/\/www.skttool.com\/product\/1050w-38mm-electric-power-tools-sds-max-rotary-hammer-3801\/#primaryimage\"},\"thumbnailUrl\":\"https:\/\/www.skttool.com\/wp-content\/uploads\/2024\/07\/1609234358819488.jpg\",\"datePublished\":\"2024-07-12T02:18:19+00:00\",\"dateModified\":\"2024-07-12T06:39:46+00:00\",\"breadcrumb\":{\"@id\":\"https:\/\/www.skttool.com\/product\/1050w-38mm-electric-power-tools-sds-max-rotary-hammer-3801\/#breadcrumb\"},\"inLanguage\":\"de\",\"potentialAction\":[{\"@type\":\"ReadAction\",\"target\":[\"https:\/\/www.skttool.com\/product\/1050w-38mm-electric-power-tools-sds-max-rotary-hammer-3801\/\"]}]},{\"@type\":\"ImageObject\",\"inLanguage\":\"de\",\"@id\":\"https:\/\/www.skttool.com\/product\/1050w-38mm-electric-power-tools-sds-max-rotary-hammer-3801\/#primaryimage\",\"url\":\"https:\/\/www.skttool.com\/wp-content\/uploads\/2024\/07\/1609234358819488.jpg\",\"contentUrl\":\"https:\/\/www.skttool.com\/wp-content\/uploads\/2024\/07\/1609234358819488.jpg\",\"width\":800,\"height\":800},{\"@type\":\"BreadcrumbList\",\"@id\":\"https:\/\/www.skttool.com\/product\/1050w-38mm-electric-power-tools-sds-max-rotary-hammer-3801\/#breadcrumb\",\"itemListElement\":[{\"@type\":\"ListItem\",\"position\":1,\"name\":\"Home\",\"item\":\"https:\/\/www.skttool.com\/\"},{\"@type\":\"ListItem\",\"position\":2,\"name\":\"Products\",\"item\":\"https:\/\/www.skttool.com\/shop\/\"},{\"@type\":\"ListItem\",\"position\":3,\"name\":\"1050W 38MM ELECTRIC POWER TOOLS SDS-MAX ROTARY HAMMER &#8211; 3801\"}]},{\"@type\":\"WebSite\",\"@id\":\"https:\/\/www.skttool.com\/#website\",\"url\":\"https:\/\/www.skttool.com\/\",\"name\":\"Jinhua Jujie Electric Machine CO., LTD\",\"description\":\"\",\"publisher\":{\"@id\":\"https:\/\/www.skttool.com\/#organization\"},\"potentialAction\":[{\"@type\":\"SearchAction\",\"target\":{\"@type\":\"EntryPoint\",\"urlTemplate\":\"https:\/\/www.skttool.com\/?s={search_term_string}\"},\"query-input\":\"required name=search_term_string\"}],\"inLanguage\":\"de\"},{\"@type\":\"Organization\",\"@id\":\"https:\/\/www.skttool.com\/#organization\",\"name\":\"Jinhua Jujie Electric Machine CO., LTD\",\"url\":\"https:\/\/www.skttool.com\/\",\"logo\":{\"@type\":\"ImageObject\",\"inLanguage\":\"de\",\"@id\":\"https:\/\/www.skttool.com\/#\/schema\/logo\/image\/\",\"url\":\"https:\/\/www.skttool.com\/wp-content\/uploads\/2023\/10\/logo.png.webp\",\"contentUrl\":\"https:\/\/www.skttool.com\/wp-content\/uploads\/2023\/10\/logo.png.webp\",\"width\":123,\"height\":45,\"caption\":\"Jinhua Jujie Electric Machine CO., LTD\"},\"image\":{\"@id\":\"https:\/\/www.skttool.com\/#\/schema\/logo\/image\/\"}}]}<\/script>\n<!-- \/ Yoast SEO Premium plugin. -->","yoast_head_json":{"title":"1050W 38MM ELECTRIC POWER TOOLS SDS-MAX ROTARY HAMMER - 3801 - Jinhua Jujie Electric Machine CO., LTD","robots":{"index":"index","follow":"follow","max-snippet":"max-snippet:-1","max-image-preview":"max-image-preview:large","max-video-preview":"max-video-preview:-1"},"canonical":"https:\/\/www.skttool.com\/de\/produkt\/1050w-38mm-electric-power-tools-sds-max-rotary-hammer-3801\/","og_locale":"de_DE","og_type":"article","og_title":"1050W 38MM ELECTRIC POWER TOOLS SDS-MAX ROTARY HAMMER - 3801","og_description":"Voltage\/Frequency 220-240V Function 3 (chiselling, drill with hammer, vario-lock) Input 1050W Remark Working Capacity: for concrete: max. 38mm No load speed 480 \/ 0-480 rpm Certificate GS\/CE\/EMC\/CB Impact rating 3790 \/ 0-3780 bpm Unit Pack BMC Impact Energy 10 J Cable and Plug 2m rubber H07RN-F 2&#215;1.0mm\u00b2 VDE Cord , VDE Plug Accessory 1pc auxiliary [&hellip;]","og_url":"https:\/\/www.skttool.com\/de\/produkt\/1050w-38mm-electric-power-tools-sds-max-rotary-hammer-3801\/","og_site_name":"Jinhua Jujie Electric Machine CO., LTD","article_modified_time":"2024-07-12T06:39:46+00:00","og_image":[{"width":800,"height":800,"url":"https:\/\/www.skttool.com\/wp-content\/uploads\/2024\/07\/1609234358819488.jpg","type":"image\/jpeg"}],"twitter_card":"summary_large_image","twitter_misc":{"Gesch\u00e4tzte Lesezeit":"1 Minute"},"schema":{"@context":"https:\/\/schema.org","@graph":[{"@type":"WebPage","@id":"https:\/\/www.skttool.com\/product\/1050w-38mm-electric-power-tools-sds-max-rotary-hammer-3801\/","url":"https:\/\/www.skttool.com\/product\/1050w-38mm-electric-power-tools-sds-max-rotary-hammer-3801\/","name":"1050W 38MM ELECTRIC POWER TOOLS SDS-MAX ROTARY HAMMER - 3801 - Jinhua Jujie Electric Machine CO., LTD","isPartOf":{"@id":"https:\/\/www.skttool.com\/#website"},"primaryImageOfPage":{"@id":"https:\/\/www.skttool.com\/product\/1050w-38mm-electric-power-tools-sds-max-rotary-hammer-3801\/#primaryimage"},"image":{"@id":"https:\/\/www.skttool.com\/product\/1050w-38mm-electric-power-tools-sds-max-rotary-hammer-3801\/#primaryimage"},"thumbnailUrl":"https:\/\/www.skttool.com\/wp-content\/uploads\/2024\/07\/1609234358819488.jpg","datePublished":"2024-07-12T02:18:19+00:00","dateModified":"2024-07-12T06:39:46+00:00","breadcrumb":{"@id":"https:\/\/www.skttool.com\/product\/1050w-38mm-electric-power-tools-sds-max-rotary-hammer-3801\/#breadcrumb"},"inLanguage":"de","potentialAction":[{"@type":"ReadAction","target":["https:\/\/www.skttool.com\/product\/1050w-38mm-electric-power-tools-sds-max-rotary-hammer-3801\/"]}]},{"@type":"ImageObject","inLanguage":"de","@id":"https:\/\/www.skttool.com\/product\/1050w-38mm-electric-power-tools-sds-max-rotary-hammer-3801\/#primaryimage","url":"https:\/\/www.skttool.com\/wp-content\/uploads\/2024\/07\/1609234358819488.jpg","contentUrl":"https:\/\/www.skttool.com\/wp-content\/uploads\/2024\/07\/1609234358819488.jpg","width":800,"height":800},{"@type":"BreadcrumbList","@id":"https:\/\/www.skttool.com\/product\/1050w-38mm-electric-power-tools-sds-max-rotary-hammer-3801\/#breadcrumb","itemListElement":[{"@type":"ListItem","position":1,"name":"Home","item":"https:\/\/www.skttool.com\/"},{"@type":"ListItem","position":2,"name":"Products","item":"https:\/\/www.skttool.com\/shop\/"},{"@type":"ListItem","position":3,"name":"1050W 38MM ELECTRIC POWER TOOLS SDS-MAX ROTARY HAMMER &#8211; 3801"}]},{"@type":"WebSite","@id":"https:\/\/www.skttool.com\/#website","url":"https:\/\/www.skttool.com\/","name":"Jinhua Jujie Electric Machine CO., LTD","description":"","publisher":{"@id":"https:\/\/www.skttool.com\/#organization"},"potentialAction":[{"@type":"SearchAction","target":{"@type":"EntryPoint","urlTemplate":"https:\/\/www.skttool.com\/?s={search_term_string}"},"query-input":"required name=search_term_string"}],"inLanguage":"de"},{"@type":"Organization","@id":"https:\/\/www.skttool.com\/#organization","name":"Jinhua Jujie Electric Machine CO., LTD","url":"https:\/\/www.skttool.com\/","logo":{"@type":"ImageObject","inLanguage":"de","@id":"https:\/\/www.skttool.com\/#\/schema\/logo\/image\/","url":"https:\/\/www.skttool.com\/wp-content\/uploads\/2023\/10\/logo.png.webp","contentUrl":"https:\/\/www.skttool.com\/wp-content\/uploads\/2023\/10\/logo.png.webp","width":123,"height":45,"caption":"Jinhua Jujie Electric Machine CO., LTD"},"image":{"@id":"https:\/\/www.skttool.com\/#\/schema\/logo\/image\/"}}]}},"_links":{"self":[{"href":"https:\/\/www.skttool.com\/de\/wp-json\/wp\/v2\/product\/412"}],"collection":[{"href":"https:\/\/www.skttool.com\/de\/wp-json\/wp\/v2\/product"}],"about":[{"href":"https:\/\/www.skttool.com\/de\/wp-json\/wp\/v2\/types\/product"}],"replies":[{"embeddable":true,"href":"https:\/\/www.skttool.com\/de\/wp-json\/wp\/v2\/comments?post=412"}],"wp:featuredmedia":[{"embeddable":true,"href":"https:\/\/www.skttool.com\/de\/wp-json\/wp\/v2\/media\/371"}],"wp:attachment":[{"href":"https:\/\/www.skttool.com\/de\/wp-json\/wp\/v2\/media?parent=412"}],"wp:term":[{"taxonomy":"product_cat","embeddable":true,"href":"https:\/\/www.skttool.com\/de\/wp-json\/wp\/v2\/product_cat?post=412"},{"taxonomy":"product_tag","embeddable":true,"href":"https:\/\/www.skttool.com\/de\/wp-json\/wp\/v2\/product_tag?post=412"}],"curies":[{"name":"wp","href":"https:\/\/api.w.org\/{rel}","templated":true}]}}